{"id":2539,"date":"2025-07-16T15:49:12","date_gmt":"2025-07-16T13:49:12","guid":{"rendered":"http:\/\/dev.totalexperienceconsulting.com\/home\/"},"modified":"2025-08-26T21:52:25","modified_gmt":"2025-08-26T19:52:25","slug":"strona-glowna","status":"publish","type":"page","link":"https:\/\/totalexperienceconsulting.com\/en\/","title":{"rendered":"Strona g\u0142\u00f3wna"},"content":{"rendered":"<div data-elementor-type=\"wp-page\" data-elementor-id=\"2539\" class=\"elementor elementor-2539\">\n\t\t\t\t<div class=\"elementor-element elementor-element-b1e3f74 e-flex e-con-boxed elementor-invisible e-con e-parent\" data-id=\"b1e3f74\" data-element_type=\"container\" data-settings=\"{&quot;background_background&quot;:&quot;classic&quot;,&quot;animation&quot;:&quot;fadeIn&quot;}\">\n\t\t\t\t\t<div class=\"e-con-inner\">\n\t\t<div class=\"elementor-element elementor-element-ea4a7f9 e-con-full e-flex e-con e-child\" data-id=\"ea4a7f9\" data-element_type=\"container\">\n\t\t\t\t<div class=\"elementor-element elementor-element-27259cf elementor-widget elementor-widget-heading\" data-id=\"27259cf\" data-element_type=\"widget\" data-widget_type=\"heading.default\">\n\t\t\t\t<div class=\"elementor-widget-container\">\n\t\t\t\t\t<h3 class=\"elementor-heading-title elementor-size-default\"><h1 style=\"margin-bottom: 0px;font-family: Ubuntu, sans-serif;font-size: 59.408px;font-weight: 400;line-height: 1.1;text-transform: none;font-style: normal\"><span class=\"wysiwyg-font-size-48\" style=\"font-size: clamp(2.25rem, 2.005rem + 1.224vw, 3rem);line-height: 1\">Consulting, workshops &amp; trainings<\/span><\/h1><\/h3>\t\t\t\t<\/div>\n\t\t\t\t<\/div>\n\t\t\t\t<div class=\"elementor-element elementor-element-9325dd5 elementor-widget__width-initial elementor-widget-tablet__width-initial elementor-widget elementor-widget-text-editor\" data-id=\"9325dd5\" data-element_type=\"widget\" data-widget_type=\"text-editor.default\">\n\t\t\t\t<div class=\"elementor-widget-container\">\n\t\t\t\t\t\t\t\t\t<p>Weronika Rosiak-Jedz - I work empathetically and prioritize thrust in business relations<\/p>\n<p>I design and enhance services and products.<br>I increase the potential of your company and team to build business value.<\/p>\n<p>Together we find answers to your business challenges<br>in relations with clients, business partners and employees.<\/p>\t\t\t\t\t\t\t\t<\/div>\n\t\t\t\t<\/div>\n\t\t\t\t<div class=\"elementor-element elementor-element-18c2092 elementor-widget elementor-widget-button\" data-id=\"18c2092\" data-element_type=\"widget\" data-widget_type=\"button.default\">\n\t\t\t\t<div class=\"elementor-widget-container\">\n\t\t\t\t\t\t\t\t\t<div class=\"elementor-button-wrapper\">\n\t\t\t\t\t<a class=\"elementor-button elementor-button-link elementor-size-sm\" href=\"\/en\/umow-rozmowe\/\">\n\t\t\t\t\t\t<span class=\"elementor-button-content-wrapper\">\n\t\t\t\t\t\t\t\t\t<span class=\"elementor-button-text\">Let`s talk<\/span>\n\t\t\t\t\t<\/span>\n\t\t\t\t\t<\/a>\n\t\t\t\t<\/div>\n\t\t\t\t\t\t\t\t<\/div>\n\t\t\t\t<\/div>\n\t\t\t\t<div class=\"elementor-element elementor-element-f4cbf5f elementor-widget elementor-widget-spacer\" data-id=\"f4cbf5f\" data-element_type=\"widget\" data-widget_type=\"spacer.default\">\n\t\t\t\t<div class=\"elementor-widget-container\">\n\t\t\t\t\t\t\t<div class=\"elementor-spacer\">\n\t\t\t<div class=\"elementor-spacer-inner\"><\/div>\n\t\t<\/div>\n\t\t\t\t\t\t<\/div>\n\t\t\t\t<\/div>\n\t\t\t\t<div class=\"elementor-element elementor-element-c54a5c9 elementor-widget elementor-widget-button\" data-id=\"c54a5c9\" data-element_type=\"widget\" data-widget_type=\"button.default\">\n\t\t\t\t<div class=\"elementor-widget-container\">\n\t\t\t\t\t\t\t\t\t<div class=\"elementor-button-wrapper\">\n\t\t\t\t\t<a class=\"elementor-button elementor-button-link elementor-size-sm\" href=\"\/en\/newsletter\/\">\n\t\t\t\t\t\t<span class=\"elementor-button-content-wrapper\">\n\t\t\t\t\t\t\t\t\t<span class=\"elementor-button-text\">Newsletter - Sign up<\/span>\n\t\t\t\t\t<\/span>\n\t\t\t\t\t<\/a>\n\t\t\t\t<\/div>\n\t\t\t\t\t\t\t\t<\/div>\n\t\t\t\t<\/div>\n\t\t\t\t<\/div>\n\t\t\t\t\t<\/div>\n\t\t\t\t<\/div>\n\t\t<div class=\"elementor-element elementor-element-95096f3 e-con-full e-flex elementor-invisible e-con e-parent\" data-id=\"95096f3\" data-element_type=\"container\" id=\"services\" data-settings=\"{&quot;background_background&quot;:&quot;classic&quot;,&quot;animation&quot;:&quot;fadeIn&quot;}\">\n\t\t\t\t<div class=\"elementor-element elementor-element-38f6d7a elementor-widget-divider--view-line elementor-widget elementor-widget-divider\" data-id=\"38f6d7a\" data-element_type=\"widget\" data-widget_type=\"divider.default\">\n\t\t\t\t<div class=\"elementor-widget-container\">\n\t\t\t\t\t\t\t<div class=\"elementor-divider\">\n\t\t\t<span class=\"elementor-divider-separator\">\n\t\t\t\t\t\t<\/span>\n\t\t<\/div>\n\t\t\t\t\t\t<\/div>\n\t\t\t\t<\/div>\n\t\t\t\t<\/div>\n\t\t<div class=\"elementor-element elementor-element-1d1a870 e-con-full e-flex elementor-invisible e-con e-parent\" data-id=\"1d1a870\" data-element_type=\"container\" data-settings=\"{&quot;background_background&quot;:&quot;classic&quot;,&quot;animation&quot;:&quot;fadeIn&quot;}\">\n\t\t\t\t<div class=\"elementor-element elementor-element-11e360f elementor-widget__width-auto elementor-widget elementor-widget-image-gallery\" data-id=\"11e360f\" data-element_type=\"widget\" data-widget_type=\"image-gallery.default\">\n\t\t\t\t<div class=\"elementor-widget-container\">\n\t\t\t\t\t\t\t<div class=\"elementor-image-gallery\">\n\t\t\t\t\t<\/div>\n\t\t\t\t\t\t<\/div>\n\t\t\t\t<\/div>\n\t\t\t\t<\/div>\n\t\t<div class=\"elementor-element elementor-element-50f4286 e-con-full e-flex e-con e-parent\" data-id=\"50f4286\" data-element_type=\"container\">\n\t\t\t\t<div class=\"elementor-element elementor-element-07d7fe9 elementor-widget-divider--view-line elementor-widget elementor-widget-divider\" data-id=\"07d7fe9\" data-element_type=\"widget\" data-widget_type=\"divider.default\">\n\t\t\t\t<div class=\"elementor-widget-container\">\n\t\t\t\t\t\t\t<div class=\"elementor-divider\">\n\t\t\t<span class=\"elementor-divider-separator\">\n\t\t\t\t\t\t<\/span>\n\t\t<\/div>\n\t\t\t\t\t\t<\/div>\n\t\t\t\t<\/div>\n\t\t\t\t<\/div>\n\t\t<div class=\"elementor-element elementor-element-5764a28 e-con-full e-flex e-con e-parent\" data-id=\"5764a28\" data-element_type=\"container\" data-settings=\"{&quot;background_background&quot;:&quot;classic&quot;}\">\n\t\t\t\t<div class=\"elementor-element elementor-element-fc988dd elementor-widget-divider--view-line elementor-widget elementor-widget-divider\" data-id=\"fc988dd\" data-element_type=\"widget\" data-widget_type=\"divider.default\">\n\t\t\t\t<div class=\"elementor-widget-container\">\n\t\t\t\t\t\t\t<div class=\"elementor-divider\">\n\t\t\t<span class=\"elementor-divider-separator\">\n\t\t\t\t\t\t<\/span>\n\t\t<\/div>\n\t\t\t\t\t\t<\/div>\n\t\t\t\t<\/div>\n\t\t<div class=\"elementor-element elementor-element-506505b e-flex e-con-boxed e-con e-child\" data-id=\"506505b\" data-element_type=\"container\" id=\"contact\" data-settings=\"{&quot;background_background&quot;:&quot;classic&quot;}\">\n\t\t\t\t\t<div class=\"e-con-inner\">\n\t\t\t\t<div class=\"elementor-element elementor-element-ab50ad6 elementor-widget__width-initial elementor-invisible elementor-widget elementor-widget-text-editor\" data-id=\"ab50ad6\" data-element_type=\"widget\" data-settings=\"{&quot;_animation&quot;:&quot;fadeIn&quot;}\" data-widget_type=\"text-editor.default\">\n\t\t\t\t<div class=\"elementor-widget-container\">\n\t\t\t\t\t\t\t\t\t<h1 style=\"margin-bottom: 20px; overflow-wrap: break-word; font-family: Ubuntu, sans-serif; font-size: 59.408px; font-weight: 400; line-height: 1.1; text-transform: none; color: #ebcecc; fill: #ebcecc; font-style: normal; white-space-collapse: collapse;\"><span class=\"wysiwyg-font-size-48\" style=\"font-size: clamp(2.25rem, 2.005rem + 1.224vw, 3rem); overflow-wrap: break-word; line-height: 1;\">Scope<\/span><\/h1>\n<ul>\n \t<li><b>Designing, mapping and analysis of services<\/b><\/li>\n<\/ul>\n<ul>\n \t<li><b>Customer Experience Management (enablement) -<\/b>\nvoice of customer management, building customer loyalty, improving customer satisfaction, building engagement through the delivered customer value<\/li>\n<\/ul>\n<ul>\n \t<li><b>Customer Journey Maps -<\/b>creation and analysis of end-to-end customer perspective<\/li>\n<\/ul>\n<ul>\n \t<li><b>Design thinking -<\/b>\u00a0conducting the design thinking process to develop new ideas, concepts, services or products<\/li>\n<\/ul>\n<ul>\n \t<li><b>Human-centric innovations and business solutions -\u00a0<\/b>designing project works prioritizing the needs, experiences, and perspectives of individuals or end-users<\/li>\n<\/ul>\n<ul>\n \t<li><b>Research  - planning and conducting interviews and surveys to verify customers and employees needs<\/b><\/li>\n<\/ul>\n<ul>\n \t<li><b>Business and creative workshops -<\/b>\u00a0building and conducting meetings and activities tailored to business challenges<\/li>\n<\/ul>\n<ul>\n \t<li><b>Support and development of teamwork at every stage of the project -<\/b>\n<ul>\n \t<li>on every project step<\/li>\n \t<li>empowering team synergy and integration<\/li>\n<\/ul>\n<\/li>\n<\/ul>\t\t\t\t\t\t\t\t<\/div>\n\t\t\t\t<\/div>\n\t\t\t\t<div class=\"elementor-element elementor-element-742e1bd elementor-invisible elementor-widget elementor-widget-image\" data-id=\"742e1bd\" data-element_type=\"widget\" data-settings=\"{&quot;_animation&quot;:&quot;fadeIn&quot;}\" data-widget_type=\"image.default\">\n\t\t\t\t<div class=\"elementor-widget-container\">\n\t\t\t\t\t\t\t\t\t\t\t\t\t\t\t<img fetchpriority=\"high\" decoding=\"async\" width=\"768\" height=\"542\" src=\"https:\/\/totalexperienceconsulting.com\/wp-content\/uploads\/2025\/08\/cut_color_logo-768x542.png\" class=\"attachment-medium_large size-medium_large wp-image-2684\" alt=\"cut color logo\" srcset=\"https:\/\/totalexperienceconsulting.com\/wp-content\/uploads\/2025\/08\/cut_color_logo-768x542.png 768w, https:\/\/totalexperienceconsulting.com\/wp-content\/uploads\/2025\/08\/cut_color_logo-300x212.png 300w, https:\/\/totalexperienceconsulting.com\/wp-content\/uploads\/2025\/08\/cut_color_logo-1024x723.png 1024w, https:\/\/totalexperienceconsulting.com\/wp-content\/uploads\/2025\/08\/cut_color_logo-1536x1084.png 1536w, https:\/\/totalexperienceconsulting.com\/wp-content\/uploads\/2025\/08\/cut_color_logo-2048x1446.png 2048w\" sizes=\"(max-width: 768px) 100vw, 768px\" \/>\t\t\t\t\t\t\t\t\t\t\t\t\t\t\t<\/div>\n\t\t\t\t<\/div>\n\t\t\t\t\t<\/div>\n\t\t\t\t<\/div>\n\t\t\t\t<\/div>\n\t\t<div class=\"elementor-element elementor-element-49ebfdf e-flex e-con-boxed e-con e-parent\" data-id=\"49ebfdf\" data-element_type=\"container\">\n\t\t\t\t\t<div class=\"e-con-inner\">\n\t\t\t\t<div class=\"elementor-element elementor-element-9ea92e5 elementor-invisible elementor-widget elementor-widget-button\" data-id=\"9ea92e5\" data-element_type=\"widget\" data-settings=\"{&quot;_animation&quot;:&quot;fadeIn&quot;}\" data-widget_type=\"button.default\">\n\t\t\t\t<div class=\"elementor-widget-container\">\n\t\t\t\t\t\t\t\t\t<div class=\"elementor-button-wrapper\">\n\t\t\t\t\t<a class=\"elementor-button elementor-button-link elementor-size-sm\" href=\"\/en\/oferta\/\">\n\t\t\t\t\t\t<span class=\"elementor-button-content-wrapper\">\n\t\t\t\t\t\t\t\t\t<span class=\"elementor-button-text\">Check offer<\/span>\n\t\t\t\t\t<\/span>\n\t\t\t\t\t<\/a>\n\t\t\t\t<\/div>\n\t\t\t\t\t\t\t\t<\/div>\n\t\t\t\t<\/div>\n\t\t\t\t<div class=\"elementor-element elementor-element-d35d8fe elementor-widget-divider--view-line elementor-invisible elementor-widget elementor-widget-divider\" data-id=\"d35d8fe\" data-element_type=\"widget\" data-settings=\"{&quot;_animation&quot;:&quot;fadeIn&quot;}\" data-widget_type=\"divider.default\">\n\t\t\t\t<div class=\"elementor-widget-container\">\n\t\t\t\t\t\t\t<div class=\"elementor-divider\">\n\t\t\t<span class=\"elementor-divider-separator\">\n\t\t\t\t\t\t<\/span>\n\t\t<\/div>\n\t\t\t\t\t\t<\/div>\n\t\t\t\t<\/div>\n\t\t\t\t\t<\/div>\n\t\t\t\t<\/div>\n\t\t\t\t<\/div>","protected":false},"excerpt":{"rendered":"<p>Doradztwo, warsztaty i szkolenia Weronika Rosiak-Jedz &#8211;&nbsp; Pracuj\u0119 empatycznie i dbam o zaufanie w relacjach biznesowych Projektuj\u0119 i wzmacniam us\u0142ugi oraz produkty.Zwi\u0119kszam potencja\u0142 Twojej firmy i zespo\u0142u do budowania warto\u015bci biznesowej. Wsp\u00f3lnie znajdujemy odpowiedzi na Twoje wyzwania biznesowew relacjach z Klientami, Pracownikami oraz z Partnerami Biznesowymi. Porozmawiajmy Newsletter &#8211; zapisz si\u0119! Zakres Projektowanie, mapowanie i [&hellip;]<\/p>","protected":false},"author":1,"featured_media":0,"parent":0,"menu_order":0,"comment_status":"closed","ping_status":"closed","template":"","meta":{"site-sidebar-layout":"no-sidebar","site-content-layout":"page-builder","ast-site-content-layout":"full-width-container","site-content-style":"unboxed","site-sidebar-style":"unboxed","ast-global-header-display":"","ast-banner-title-visibility":"","ast-main-header-display":"","ast-hfb-above-header-display":"","ast-hfb-below-header-display":"","ast-hfb-mobile-header-display":"","site-post-title":"disabled","ast-breadcrumbs-content":"disabled","ast-featured-img":"disabled","footer-sml-layout":"","theme-transparent-header-meta":"enabled","adv-header-id-meta":"","stick-header-meta":"","header-above-stick-meta":"","header-main-stick-meta":"","header-below-stick-meta":"","astra-migrate-meta-layouts":"set","ast-page-background-enabled":"default","ast-page-background-meta":{"desktop":{"background-color":"var(--ast-global-color-4)","background-image":"","background-repeat":"repeat","background-position":"center center","background-size":"auto","background-attachment":"scroll","background-type":"","background-media":"","overlay-type":"","overlay-color":"","overlay-opacity":"","overlay-gradient":""},"tablet":{"background-color":"","background-image":"","background-repeat":"repeat","background-position":"center center","background-size":"auto","background-attachment":"scroll","background-type":"","background-media":"","overlay-type":"","overlay-color":"","overlay-opacity":"","overlay-gradient":""},"mobile":{"background-color":"","background-image":"","background-repeat":"repeat","background-position":"center center","background-size":"auto","background-attachment":"scroll","background-type":"","background-media":"","overlay-type":"","overlay-color":"","overlay-opacity":"","overlay-gradient":""}},"ast-content-background-meta":{"desktop":{"background-color":"var(--ast-global-color-5)","background-image":"","background-repeat":"repeat","background-position":"center center","background-size":"auto","background-attachment":"scroll","background-type":"","background-media":"","overlay-type":"","overlay-color":"","overlay-opacity":"","overlay-gradient":""},"tablet":{"background-color":"var(--ast-global-color-5)","background-image":"","background-repeat":"repeat","background-position":"center center","background-size":"auto","background-attachment":"scroll","background-type":"","background-media":"","overlay-type":"","overlay-color":"","overlay-opacity":"","overlay-gradient":""},"mobile":{"background-color":"var(--ast-global-color-5)","background-image":"","background-repeat":"repeat","background-position":"center center","background-size":"auto","background-attachment":"scroll","background-type":"","background-media":"","overlay-type":"","overlay-color":"","overlay-opacity":"","overlay-gradient":""}},"footnotes":""},"class_list":["post-2539","page","type-page","status-publish","hentry"],"_links":{"self":[{"href":"https:\/\/totalexperienceconsulting.com\/en\/wp-json\/wp\/v2\/pages\/2539","targetHints":{"allow":["GET"]}}],"collection":[{"href":"https:\/\/totalexperienceconsulting.com\/en\/wp-json\/wp\/v2\/pages"}],"about":[{"href":"https:\/\/totalexperienceconsulting.com\/en\/wp-json\/wp\/v2\/types\/page"}],"author":[{"embeddable":true,"href":"https:\/\/totalexperienceconsulting.com\/en\/wp-json\/wp\/v2\/users\/1"}],"replies":[{"embeddable":true,"href":"https:\/\/totalexperienceconsulting.com\/en\/wp-json\/wp\/v2\/comments?post=2539"}],"version-history":[{"count":0,"href":"https:\/\/totalexperienceconsulting.com\/en\/wp-json\/wp\/v2\/pages\/2539\/revisions"}],"wp:attachment":[{"href":"https:\/\/totalexperienceconsulting.com\/en\/wp-json\/wp\/v2\/media?parent=2539"}],"curies":[{"name":"wp","href":"https:\/\/api.w.org\/{rel}","templated":true}]}}