{"id":3553,"date":"2025-08-12T14:57:58","date_gmt":"2025-08-12T12:57:58","guid":{"rendered":"https:\/\/totalexperienceconsulting.pl\/?page_id=3553"},"modified":"2026-02-26T22:01:02","modified_gmt":"2026-02-26T21:01:02","slug":"design-thinking-mindset","status":"publish","type":"page","link":"https:\/\/totalexperienceconsulting.com\/en\/design-thinking-mindset\/","title":{"rendered":"Design Thinking Mindset (advanced)"},"content":{"rendered":"<div data-elementor-type=\"wp-page\" data-elementor-id=\"3553\" class=\"elementor elementor-3553\">\n\t\t\t\t<div class=\"elementor-element elementor-element-57a078a e-flex e-con-boxed e-con e-parent\" data-id=\"57a078a\" data-element_type=\"container\" data-settings=\"{&quot;background_background&quot;:&quot;slideshow&quot;,&quot;background_slideshow_gallery&quot;:[{&quot;id&quot;:3195,&quot;url&quot;:&quot;http:\\\/\\\/dev.totalexperienceconsulting.com\\\/wp-content\\\/uploads\\\/2025\\\/08\\\/CX-Masterlass-3.png&quot;}],&quot;background_slideshow_loop&quot;:&quot;yes&quot;,&quot;background_slideshow_slide_duration&quot;:5000,&quot;background_slideshow_slide_transition&quot;:&quot;fade&quot;,&quot;background_slideshow_transition_duration&quot;:500}\">\n\t\t\t\t\t<div class=\"e-con-inner\">\n\t\t\t\t<div class=\"elementor-element elementor-element-608dff5 elementor-invisible elementor-widget elementor-widget-heading\" data-id=\"608dff5\" data-element_type=\"widget\" data-settings=\"{&quot;_animation&quot;:&quot;fadeIn&quot;}\" data-widget_type=\"heading.default\">\n\t\t\t\t<div class=\"elementor-widget-container\">\n\t\t\t\t\t<h2 class=\"elementor-heading-title elementor-size-default\"><b style=\"font-size: 59.408px;text-align: center\"><span class=\"wysiwyg-font-size-48\" style=\"font-size: clamp(2.25rem, 2.005rem + 1.224vw, 3rem);line-height: 1\">Design Thinking Mindset<\/span><\/b><\/h2>\t\t\t\t<\/div>\n\t\t\t\t<\/div>\n\t\t\t\t<div class=\"elementor-element elementor-element-658b48a elementor-invisible elementor-widget elementor-widget-text-editor\" data-id=\"658b48a\" data-element_type=\"widget\" data-settings=\"{&quot;_animation&quot;:&quot;fadeIn&quot;}\" data-widget_type=\"text-editor.default\">\n\t\t\t\t<div class=\"elementor-widget-container\">\n\t\t\t\t\t\t\t\t\t<span style=\"color: #ebcecc; font-family: Ubuntu; font-size: 18px;\">Szkolenie warsztatowe (edycja rozszerzona)<\/span>\t\t\t\t\t\t\t\t<\/div>\n\t\t\t\t<\/div>\n\t\t\t\t\t<\/div>\n\t\t\t\t<\/div>\n\t\t<div class=\"elementor-element elementor-element-397395f e-flex e-con-boxed e-con e-parent\" data-id=\"397395f\" data-element_type=\"container\" data-settings=\"{&quot;background_background&quot;:&quot;classic&quot;}\">\n\t\t\t\t\t<div class=\"e-con-inner\">\n\t\t<div class=\"elementor-element elementor-element-892953b e-con-full e-flex elementor-invisible e-con e-child\" data-id=\"892953b\" data-element_type=\"container\" data-settings=\"{&quot;background_background&quot;:&quot;classic&quot;,&quot;animation&quot;:&quot;fadeIn&quot;}\">\n\t\t\t\t<div class=\"elementor-element elementor-element-3a282f1 elementor-widget elementor-widget-text-editor\" data-id=\"3a282f1\" data-element_type=\"widget\" data-widget_type=\"text-editor.default\">\n\t\t\t\t<div class=\"elementor-widget-container\">\n\t\t\t\t\t\t\t\t\t<span style=\"color: #4c4c4c; font-family: Ubuntu; font-size: 17px; line-height: 2;\">Design Thinking to wi\u0119cej ni\u017c metoda \u2013 to spos\u00f3b my\u015blenia, kt\u00f3ry pozwala znajdowa\u0107 innowacyjne rozwi\u0105zania w z\u0142o\u017conych sytuacjach. Jednak osi\u0105gni\u0119cie bieg\u0142o\u015bci wymaga przej\u015bcia na wy\u017cszy poziom zaawansowania, gdzie wykraczasz poza podstawy i rozwijasz zdolno\u015b\u0107 do pracy w dynamicznym \u015brodowisku projektowym, dobieraj\u0105c odpowiednie narz\u0119dzia i ukierunkowuj\u0105c je na skuteczne wdra\u017canie rozwi\u0105za\u0144 w organizacji.<\/span>\t\t\t\t\t\t\t\t<\/div>\n\t\t\t\t<\/div>\n\t\t\t\t<\/div>\n\t\t\t\t\t<\/div>\n\t\t\t\t<\/div>\n\t\t<div class=\"elementor-element elementor-element-f0beb37 e-grid e-con-boxed e-con e-parent\" data-id=\"f0beb37\" data-element_type=\"container\" data-settings=\"{&quot;background_background&quot;:&quot;classic&quot;}\">\n\t\t\t\t\t<div class=\"e-con-inner\">\n\t\t<div class=\"elementor-element elementor-element-2583a40 e-con-full e-flex e-con e-child\" data-id=\"2583a40\" data-element_type=\"container\">\n\t\t\t\t<div class=\"elementor-element elementor-element-636f676 elementor-invisible elementor-widget elementor-widget-text-editor\" data-id=\"636f676\" data-element_type=\"widget\" data-settings=\"{&quot;_animation&quot;:&quot;fadeIn&quot;}\" data-widget_type=\"text-editor.default\">\n\t\t\t\t<div class=\"elementor-widget-container\">\n\t\t\t\t\t\t\t\t\t<b><span style=\"color: #4c4c4c; font-family: Ubuntu; font-size: 25px; line-height: 2\">Co zyskasz?<\/span><\/b>\n<ul style=\"color: #4c4c4c; font-family: Ubuntu; font-size: 17px; line-height: 2;\">\n \t<li>Wiedz\u0119 na temat Design Thinking i filozofii pracy w ten spos\u00f3b.\u00a0<b>To ju\u017c kolejna edycja szkolenia, tym razem rozszerzona o prac\u0119 na przyk\u0142adach oraz \u0107wiczenie na wirtualnej tablicy na realnym case study, aby jeszcze lepiej zrozumie\u0107 poszczeg\u00f3lne narz\u0119dzia w praktyce.<\/b><\/li>\n \t<li>Umiej\u0119tno\u015b\u0107 dobierania narz\u0119dzi do wyzwania projektowego, nowe narz\u0119dzia i miary<\/li>\n \t<li>Praktyczne \u0107wiczenia do wykorzystania w swojej firmie<\/li>\n \t<li>Materia\u0142y szkoleniowe<\/li>\n \t<li>Imienny certyfikat potwierdzaj\u0105cy udzia\u0142 w szkoleniu (z mo\u017cliwo\u015bci\u0105 podpi\u0119cia go na LinkedIn)<\/li>\n<\/ul>\t\t\t\t\t\t\t\t<\/div>\n\t\t\t\t<\/div>\n\t\t\t\t<div class=\"elementor-element elementor-element-f468cd6 elementor-invisible elementor-widget elementor-widget-image\" data-id=\"f468cd6\" data-element_type=\"widget\" data-settings=\"{&quot;_animation&quot;:&quot;fadeIn&quot;}\" data-widget_type=\"image.default\">\n\t\t\t\t<div class=\"elementor-widget-container\">\n\t\t\t\t\t\t\t\t\t\t\t\t\t\t\t\t<a href=\"http:\/\/dev.totalexperienceconsulting.com\/wp-content\/uploads\/2025\/08\/Certyfikat-Total-Experience_page-0001-1.jpg\" target=\"_blank\">\n\t\t\t\t\t\t\t<img fetchpriority=\"high\" decoding=\"async\" width=\"300\" height=\"212\" src=\"https:\/\/totalexperienceconsulting.com\/wp-content\/uploads\/2025\/08\/Certyfikat-Total-Experience_page-0001-300x212.jpg\" class=\"attachment-medium size-medium wp-image-3270\" alt=\"Certyfikat\" srcset=\"https:\/\/totalexperienceconsulting.com\/wp-content\/uploads\/2025\/08\/Certyfikat-Total-Experience_page-0001-300x212.jpg 300w, https:\/\/totalexperienceconsulting.com\/wp-content\/uploads\/2025\/08\/Certyfikat-Total-Experience_page-0001-1024x724.jpg 1024w, https:\/\/totalexperienceconsulting.com\/wp-content\/uploads\/2025\/08\/Certyfikat-Total-Experience_page-0001-768x543.jpg 768w, https:\/\/totalexperienceconsulting.com\/wp-content\/uploads\/2025\/08\/Certyfikat-Total-Experience_page-0001-1536x1086.jpg 1536w, https:\/\/totalexperienceconsulting.com\/wp-content\/uploads\/2025\/08\/Certyfikat-Total-Experience_page-0001.jpg 1756w\" sizes=\"(max-width: 300px) 100vw, 300px\" \/>\t\t\t\t\t\t\t\t<\/a>\n\t\t\t\t\t\t\t\t\t\t\t\t\t\t\t<\/div>\n\t\t\t\t<\/div>\n\t\t\t\t<div class=\"elementor-element elementor-element-8615622 elementor-invisible elementor-widget elementor-widget-text-editor\" data-id=\"8615622\" data-element_type=\"widget\" data-settings=\"{&quot;_animation&quot;:&quot;fadeIn&quot;}\" data-widget_type=\"text-editor.default\">\n\t\t\t\t<div class=\"elementor-widget-container\">\n\t\t\t\t\t\t\t\t\t<b><span style=\"color: #4c4c4c; font-family: Ubuntu; font-size: 25px; line-height: 2\">To spotkanie jest dla Ciebie je\u015bli:<\/span><\/b><br>\n\n<ul style=\"color: #4c4c4c; font-family: Ubuntu; font-size: 17px; line-height: 2;\">\n \t<li>Znasz metodyk\u0119 i podstawowe poj\u0119cia Design Thinking<\/li>\n \t<li>Chcesz pog\u0142\u0119bi\u0107 swoj\u0105 wiedz\u0119 na temat Design Thinking, po\u0107wiczy\u0107 dobieranie narz\u0119dzi do problemu badawczego, pozna\u0107 nowe narz\u0119dzia i miary i poczu\u0107 si\u0119 pewniej jako Koordynator inicjatyw<\/li>\n \t<li>Przygotowujesz argumentacj\u0119 dlaczego warto podejmowa\u0107 ten temat w firmie, jak kwalifikowa\u0107 projekty do DT<\/li>\n<\/ul>\t\t\t\t\t\t\t\t<\/div>\n\t\t\t\t<\/div>\n\t\t\t\t<\/div>\n\t\t<div class=\"elementor-element elementor-element-0f3502f e-con-full e-flex e-con e-child\" data-id=\"0f3502f\" data-element_type=\"container\">\n\t\t<div class=\"elementor-element elementor-element-759d01f e-con-full e-flex elementor-invisible e-con e-child\" data-id=\"759d01f\" data-element_type=\"container\" data-settings=\"{&quot;animation&quot;:&quot;fadeIn&quot;}\">\n\t\t\t\t<div class=\"elementor-element elementor-element-9a677dc elementor-widget elementor-widget-image\" data-id=\"9a677dc\" data-element_type=\"widget\" data-widget_type=\"image.default\">\n\t\t\t\t<div class=\"elementor-widget-container\">\n\t\t\t\t\t\t\t\t\t\t\t\t\t\t\t<img decoding=\"async\" width=\"100\" height=\"100\" src=\"https:\/\/totalexperienceconsulting.com\/wp-content\/uploads\/2025\/08\/szkolenie.png\" class=\"attachment-thumbnail size-thumbnail wp-image-3225\" alt=\"szkolenie\" \/>\t\t\t\t\t\t\t\t\t\t\t\t\t\t\t<\/div>\n\t\t\t\t<\/div>\n\t\t\t\t<div class=\"elementor-element elementor-element-b1cdbab elementor-widget elementor-widget-text-editor\" data-id=\"b1cdbab\" data-element_type=\"widget\" data-widget_type=\"text-editor.default\">\n\t\t\t\t<div class=\"elementor-widget-container\">\n\t\t\t\t\t\t\t\t\t<b><span style=\"color: #4c4c4c; font-family: Ubuntu; font-size: 17px;\">Training Video on Demand<\/span><\/b>\t\t\t\t\t\t\t\t<\/div>\n\t\t\t\t<\/div>\n\t\t\t\t<div class=\"elementor-element elementor-element-356df63 elementor-widget elementor-widget-image\" data-id=\"356df63\" data-element_type=\"widget\" data-widget_type=\"image.default\">\n\t\t\t\t<div class=\"elementor-widget-container\">\n\t\t\t\t\t\t\t\t\t\t\t\t\t\t\t<img decoding=\"async\" width=\"80\" height=\"80\" src=\"https:\/\/totalexperienceconsulting.com\/wp-content\/uploads\/2025\/08\/picture3.png\" class=\"attachment-medium size-medium wp-image-3238\" alt=\"kalendarz\" \/>\t\t\t\t\t\t\t\t\t\t\t\t\t\t\t<\/div>\n\t\t\t\t<\/div>\n\t\t\t\t<div class=\"elementor-element elementor-element-edb852d elementor-widget elementor-widget-text-editor\" data-id=\"edb852d\" data-element_type=\"widget\" data-widget_type=\"text-editor.default\">\n\t\t\t\t<div class=\"elementor-widget-container\">\n\t\t\t\t\t\t\t\t\t<p><b><span style=\"color: #4c4c4c; font-family: Ubuntu; font-size: 17px;\">2026<\/span><\/b><\/p>\t\t\t\t\t\t\t\t<\/div>\n\t\t\t\t<\/div>\n\t\t\t\t<div class=\"elementor-element elementor-element-378fd5d elementor-widget elementor-widget-image\" data-id=\"378fd5d\" data-element_type=\"widget\" data-widget_type=\"image.default\">\n\t\t\t\t<div class=\"elementor-widget-container\">\n\t\t\t\t\t\t\t\t\t\t\t\t\t\t\t<img loading=\"lazy\" decoding=\"async\" width=\"80\" height=\"80\" src=\"https:\/\/totalexperienceconsulting.com\/wp-content\/uploads\/2025\/08\/picture4.png\" class=\"attachment-large size-large wp-image-3250\" alt=\"Czas\" \/>\t\t\t\t\t\t\t\t\t\t\t\t\t\t\t<\/div>\n\t\t\t\t<\/div>\n\t\t\t\t<div class=\"elementor-element elementor-element-6fdc576 elementor-widget elementor-widget-text-editor\" data-id=\"6fdc576\" data-element_type=\"widget\" data-widget_type=\"text-editor.default\">\n\t\t\t\t<div class=\"elementor-widget-container\">\n\t\t\t\t\t\t\t\t\t<p><b><span style=\"color: #4c4c4c; font-family: Ubuntu; font-size: 17px;\">9:00 &#8211; 12:30 (3,5h)<\/span><\/b><\/p>\t\t\t\t\t\t\t\t<\/div>\n\t\t\t\t<\/div>\n\t\t\t\t<div class=\"elementor-element elementor-element-8dcf65a elementor-widget elementor-widget-image\" data-id=\"8dcf65a\" data-element_type=\"widget\" data-widget_type=\"image.default\">\n\t\t\t\t<div class=\"elementor-widget-container\">\n\t\t\t\t\t\t\t\t\t\t\t\t\t\t\t<img loading=\"lazy\" decoding=\"async\" width=\"80\" height=\"80\" src=\"https:\/\/totalexperienceconsulting.com\/wp-content\/uploads\/2025\/08\/picture5.png\" class=\"attachment-large size-large wp-image-3254\" alt=\"Cena\" \/>\t\t\t\t\t\t\t\t\t\t\t\t\t\t\t<\/div>\n\t\t\t\t<\/div>\n\t\t\t\t<div class=\"elementor-element elementor-element-24b9638 elementor-widget elementor-widget-text-editor\" data-id=\"24b9638\" data-element_type=\"widget\" data-widget_type=\"text-editor.default\">\n\t\t\t\t<div class=\"elementor-widget-container\">\n\t\t\t\t\t\t\t\t\t<b><span style=\"color: #4c4c4c; font-family: Ubuntu; font-size: 17px;\">390 PLN<\/span><\/b>\t\t\t\t\t\t\t\t<\/div>\n\t\t\t\t<\/div>\n\t\t\t\t<div class=\"elementor-element elementor-element-f347f0b elementor-widget elementor-widget-button\" data-id=\"f347f0b\" data-element_type=\"widget\" data-widget_type=\"button.default\">\n\t\t\t\t<div class=\"elementor-widget-container\">\n\t\t\t\t\t\t\t\t\t<div class=\"elementor-button-wrapper\">\n\t\t\t\t\t<a class=\"elementor-button elementor-button-link elementor-size-sm\" href=\"#ZAPISY\">\n\t\t\t\t\t\t<span class=\"elementor-button-content-wrapper\">\n\t\t\t\t\t\t\t\t\t<span class=\"elementor-button-text\">Get Training Video<\/span>\n\t\t\t\t\t<\/span>\n\t\t\t\t\t<\/a>\n\t\t\t\t<\/div>\n\t\t\t\t\t\t\t\t<\/div>\n\t\t\t\t<\/div>\n\t\t\t\t<\/div>\n\t\t\t\t<\/div>\n\t\t\t\t\t<\/div>\n\t\t\t\t<\/div>\n\t\t<div class=\"elementor-element elementor-element-d643277 e-flex e-con-boxed e-con e-parent\" data-id=\"d643277\" data-element_type=\"container\" data-settings=\"{&quot;background_background&quot;:&quot;classic&quot;}\">\n\t\t\t\t\t<div class=\"e-con-inner\">\n\t\t\t\t<div class=\"elementor-element elementor-element-8d0205e elementor-widget-divider--view-line elementor-invisible elementor-widget elementor-widget-divider\" data-id=\"8d0205e\" data-element_type=\"widget\" data-settings=\"{&quot;_animation&quot;:&quot;fadeIn&quot;}\" data-widget_type=\"divider.default\">\n\t\t\t\t<div class=\"elementor-widget-container\">\n\t\t\t\t\t\t\t<div class=\"elementor-divider\">\n\t\t\t<span class=\"elementor-divider-separator\">\n\t\t\t\t\t\t<\/span>\n\t\t<\/div>\n\t\t\t\t\t\t<\/div>\n\t\t\t\t<\/div>\n\t\t\t\t\t<\/div>\n\t\t\t\t<\/div>\n\t\t<div class=\"elementor-element elementor-element-5fd9b76 e-flex e-con-boxed e-con e-parent\" data-id=\"5fd9b76\" data-element_type=\"container\" data-settings=\"{&quot;background_background&quot;:&quot;classic&quot;}\">\n\t\t\t\t\t<div class=\"e-con-inner\">\n\t\t<div class=\"elementor-element elementor-element-c633709 e-con-full e-flex e-con e-child\" data-id=\"c633709\" data-element_type=\"container\" data-settings=\"{&quot;background_background&quot;:&quot;classic&quot;}\">\n\t\t\t\t<div class=\"elementor-element elementor-element-a2bca27 elementor-invisible elementor-widget elementor-widget-text-editor\" data-id=\"a2bca27\" data-element_type=\"widget\" data-settings=\"{&quot;_animation&quot;:&quot;fadeIn&quot;}\" data-widget_type=\"text-editor.default\">\n\t\t\t\t<div class=\"elementor-widget-container\">\n\t\t\t\t\t\t\t\t\t<h3 style=\"color: #1c2541; font-family: Ubuntu;\">Trainings Reviews<\/h3>\t\t\t\t\t\t\t\t<\/div>\n\t\t\t\t<\/div>\n\t\t\t\t<\/div>\n\t\t<div class=\"elementor-element elementor-element-3f263cb e-grid e-con-full elementor-invisible e-con e-child\" data-id=\"3f263cb\" data-element_type=\"container\" data-settings=\"{&quot;animation&quot;:&quot;fadeIn&quot;}\">\n\t\t\t\t<div class=\"elementor-element elementor-element-82fb623 elementor-widget elementor-widget-text-editor\" data-id=\"82fb623\" data-element_type=\"widget\" data-widget_type=\"text-editor.default\">\n\t\t\t\t<div class=\"elementor-widget-container\">\n\t\t\t\t\t\t\t\t\t<h4 style=\"color: #1c2541; font-family: Ubuntu;\">Efficient CX Project Management<\/h4><p><span style=\"color: #666666; font-family: Ubuntu; font-size: 18px;\">\u201cOgromny plus za zebranie wiedzy i przekazanie jej w skondensowany spos\u00f3b. Wszystko poparte du\u017cym do\u015bwiadczeniem. Fajna relacja z uczestnikami, kt\u00f3ra pozwoli\u0142a wymienia\u0107 si\u0119 do\u015bwiadczeniami. Szkolenie rozbudzi\u0142o g\u0142\u00f3d uczenia si\u0119.\u201d<\/span><\/p><p><span style=\"color: #666666; font-family: Ubuntu; font-size: 15px;\"><b><i>Anna Szadkowska, mLeasing<\/i><b><\/b><\/b><\/span><\/p>\t\t\t\t\t\t\t\t<\/div>\n\t\t\t\t<\/div>\n\t\t\t\t<div class=\"elementor-element elementor-element-4f6193e elementor-widget elementor-widget-text-editor\" data-id=\"4f6193e\" data-element_type=\"widget\" data-widget_type=\"text-editor.default\">\n\t\t\t\t<div class=\"elementor-widget-container\">\n\t\t\t\t\t\t\t\t\t<h4 style=\"color: #1c2541; font-family: Ubuntu;\">Efficient CX Project Management<\/h4><p><span style=\"color: #666666; font-family: Ubuntu; font-size: 18px;\">\u201cDoceniam szczeg\u00f3lnie za praktyczne przyk\u0142ady, bardzo dobrze zaplanowane poszczeg\u00f3lne bloki tematyczne z uwzgl\u0119dnieniem czasu na pytania, dzielenie si\u0119 do\u015bwiadczeniami, przerwa w trakcie na przewietrzenie umys\u0142u. Super pomys\u0142 z ankietami maj\u0105cymi na celu zbadanie do\u015bwiadcze\u0144 uczestnik\u00f3w i b\u0119d\u0105cymi dobr\u0105 baz\u0105 do dyskusji. Bardzo profesjonalnie przygotowany materia\u0142, podzielony jasno na bloki tematyczne odpowiadaj\u0105ce poszczeg\u00f3lnym etapom w projekcie. No i oczywi\u015bcie sama prowadz\u0105ca &#8211; brawo Weronika za profesjonalizm i \u015bwietnie poprowadzony warsztat!\u201d<\/span><\/p><p><span style=\"color: #666666; font-family: Ubuntu; font-size: 15px;\"><b><i>Wiktoria Plutka, Credit Agricole B.P. SA<\/i><\/b><\/span><\/p>\t\t\t\t\t\t\t\t<\/div>\n\t\t\t\t<\/div>\n\t\t\t\t<\/div>\n\t\t<div class=\"elementor-element elementor-element-1bc845a e-con-full e-flex e-con e-child\" data-id=\"1bc845a\" data-element_type=\"container\" data-settings=\"{&quot;background_background&quot;:&quot;classic&quot;}\">\n\t\t\t\t<div class=\"elementor-element elementor-element-fc35b35 elementor-align-center elementor-invisible elementor-widget elementor-widget-button\" data-id=\"fc35b35\" data-element_type=\"widget\" data-settings=\"{&quot;_animation&quot;:&quot;fadeIn&quot;}\" data-widget_type=\"button.default\">\n\t\t\t\t<div class=\"elementor-widget-container\">\n\t\t\t\t\t\t\t\t\t<div class=\"elementor-button-wrapper\">\n\t\t\t\t\t<a class=\"elementor-button elementor-button-link elementor-size-sm\" href=\"\/en\/opinie-o-szkoleniach\/\">\n\t\t\t\t\t\t<span class=\"elementor-button-content-wrapper\">\n\t\t\t\t\t\t\t\t\t<span class=\"elementor-button-text\">See all reviews..<\/span>\n\t\t\t\t\t<\/span>\n\t\t\t\t\t<\/a>\n\t\t\t\t<\/div>\n\t\t\t\t\t\t\t\t<\/div>\n\t\t\t\t<\/div>\n\t\t\t\t<\/div>\n\t\t\t\t\t<\/div>\n\t\t\t\t<\/div>\n\t\t<div class=\"elementor-element elementor-element-af71bc9 e-flex e-con-boxed e-con e-parent\" data-id=\"af71bc9\" data-element_type=\"container\" data-settings=\"{&quot;background_background&quot;:&quot;classic&quot;}\">\n\t\t\t\t\t<div class=\"e-con-inner\">\n\t\t\t\t<div class=\"elementor-element elementor-element-3873e32 elementor-widget-divider--view-line elementor-invisible elementor-widget elementor-widget-divider\" data-id=\"3873e32\" data-element_type=\"widget\" data-settings=\"{&quot;_animation&quot;:&quot;fadeIn&quot;}\" data-widget_type=\"divider.default\">\n\t\t\t\t<div class=\"elementor-widget-container\">\n\t\t\t\t\t\t\t<div class=\"elementor-divider\">\n\t\t\t<span class=\"elementor-divider-separator\">\n\t\t\t\t\t\t<\/span>\n\t\t<\/div>\n\t\t\t\t\t\t<\/div>\n\t\t\t\t<\/div>\n\t\t\t\t\t<\/div>\n\t\t\t\t<\/div>\n\t\t<div class=\"elementor-element elementor-element-8296b3f e-flex e-con-boxed e-con e-parent\" data-id=\"8296b3f\" data-element_type=\"container\" data-settings=\"{&quot;background_background&quot;:&quot;classic&quot;}\">\n\t\t\t\t\t<div class=\"e-con-inner\">\n\t\t\t\t<div class=\"elementor-element elementor-element-cee9687 elementor-invisible elementor-widget elementor-widget-image\" data-id=\"cee9687\" data-element_type=\"widget\" data-settings=\"{&quot;_animation&quot;:&quot;fadeIn&quot;}\" data-widget_type=\"image.default\">\n\t\t\t\t<div class=\"elementor-widget-container\">\n\t\t\t\t\t\t\t\t\t\t\t\t\t\t\t<img loading=\"lazy\" decoding=\"async\" width=\"64\" height=\"64\" src=\"https:\/\/totalexperienceconsulting.com\/wp-content\/uploads\/2025\/08\/picture62.png\" class=\"attachment-large size-large wp-image-3315\" alt=\"ZAPIS\" \/>\t\t\t\t\t\t\t\t\t\t\t\t\t\t\t<\/div>\n\t\t\t\t<\/div>\n\t\t\t\t\t<\/div>\n\t\t\t\t<\/div>\n\t\t<div class=\"elementor-element elementor-element-72738cf e-flex e-con-boxed e-con e-parent\" data-id=\"72738cf\" data-element_type=\"container\" data-settings=\"{&quot;background_background&quot;:&quot;classic&quot;}\">\n\t\t\t\t\t<div class=\"e-con-inner\">\n\t\t\t\t<div class=\"elementor-element elementor-element-9608b9c e-transform elementor-invisible elementor-widget elementor-widget-text-editor\" data-id=\"9608b9c\" data-element_type=\"widget\" data-settings=\"{&quot;_animation&quot;:&quot;fadeIn&quot;,&quot;_transform_translateX_effect&quot;:{&quot;unit&quot;:&quot;px&quot;,&quot;size&quot;:&quot;&quot;,&quot;sizes&quot;:[]},&quot;_transform_translateX_effect_tablet&quot;:{&quot;unit&quot;:&quot;px&quot;,&quot;size&quot;:&quot;&quot;,&quot;sizes&quot;:[]},&quot;_transform_translateX_effect_mobile&quot;:{&quot;unit&quot;:&quot;px&quot;,&quot;size&quot;:&quot;&quot;,&quot;sizes&quot;:[]},&quot;_transform_translateY_effect&quot;:{&quot;unit&quot;:&quot;px&quot;,&quot;size&quot;:&quot;&quot;,&quot;sizes&quot;:[]},&quot;_transform_translateY_effect_tablet&quot;:{&quot;unit&quot;:&quot;px&quot;,&quot;size&quot;:&quot;&quot;,&quot;sizes&quot;:[]},&quot;_transform_translateY_effect_mobile&quot;:{&quot;unit&quot;:&quot;px&quot;,&quot;size&quot;:&quot;&quot;,&quot;sizes&quot;:[]}}\" data-widget_type=\"text-editor.default\">\n\t\t\t\t<div class=\"elementor-widget-container\">\n\t\t\t\t\t\t\t\t\t<a id=\"ZAPISY\">\n<h4 style=\"color: #1c2541; font-family: Ubuntu;\">Get Your training by filling out the form.<\/h4>\n<span style=\"color: #1c2541; font-family: Ubuntu;\">\nIf the registration form does not display correctly, contact me by e-mail: <a style=\"color: #1c2541; font-family: Ubuntu;\" href=\"mailto:weronika@totalexperience.pl\">weronika@totalexperience.pl<\/a>\n<br>\nIf the registration form does not display correctly, contact me by e-mail:\n<\/span><br>\n<img decoding=\"async\" src=\"http:\/\/dev.totalexperienceconsulting.com\/wp-content\/uploads\/2025\/08\/captcha_tumb.jpg\" \/>\n<p style=\"text-align: center;\"><iframe src=\"https:\/\/docs.google.com\/forms\/d\/e\/1FAIpQLSfv5H-8Un5Pm01D4UZuUfHp7manVTlu_GzcjU9ax5ft3jokxQ\/viewform?embedded=true\" width=\"360\" height=\"1000\" frameborder=\"0\" marginwidth=\"0\" marginheight=\"0\">\u0141adowanie&#8230;<\/iframe><\/p>\t\t\t\t\t\t\t\t<\/div>\n\t\t\t\t<\/div>\n\t\t\t\t\t<\/div>\n\t\t\t\t<\/div>\n\t\t\t\t<\/div>","protected":false},"excerpt":{"rendered":"<p>Design Thinking Mindset Szkolenie warsztatowe (edycja rozszerzona)Design Thinking to wi\u0119cej ni\u017c metoda \u2013 to spos\u00f3b my\u015blenia, kt\u00f3ry pozwala znajdowa\u0107 innowacyjne rozwi\u0105zania w z\u0142o\u017conych sytuacjach. Jednak osi\u0105gni\u0119cie bieg\u0142o\u015bci wymaga przej\u015bcia na wy\u017cszy poziom zaawansowania, gdzie wykraczasz poza podstawy i rozwijasz zdolno\u015b\u0107 do pracy w dynamicznym \u015brodowisku projektowym, dobieraj\u0105c odpowiednie narz\u0119dzia i ukierunkowuj\u0105c je na skuteczne wdra\u017canie [&hellip;]<\/p>","protected":false},"author":1,"featured_media":0,"parent":0,"menu_order":0,"comment_status":"closed","ping_status":"closed","template":"","meta":{"site-sidebar-layout":"no-sidebar","site-content-layout":"page-builder","ast-site-content-layout":"full-width-container","site-content-style":"default","site-sidebar-style":"default","ast-global-header-display":"","ast-banner-title-visibility":"","ast-main-header-display":"","ast-hfb-above-header-display":"","ast-hfb-below-header-display":"","ast-hfb-mobile-header-display":"","site-post-title":"disabled","ast-breadcrumbs-content":"","ast-featured-img":"disabled","footer-sml-layout":"","theme-transparent-header-meta":"","adv-header-id-meta":"","stick-header-meta":"","header-above-stick-meta":"","header-main-stick-meta":"","header-below-stick-meta":"","astra-migrate-meta-layouts":"set","ast-page-background-enabled":"default","ast-page-background-meta":{"desktop":{"background-color":"var(--ast-global-color-4)","background-image":"","background-repeat":"repeat","background-position":"center center","background-size":"auto","background-attachment":"scroll","background-type":"","background-media":"","overlay-type":"","overlay-color":"","overlay-opacity":"","overlay-gradient":""},"tablet":{"background-color":"","background-image":"","background-repeat":"repeat","background-position":"center center","background-size":"auto","background-attachment":"scroll","background-type":"","background-media":"","overlay-type":"","overlay-color":"","overlay-opacity":"","overlay-gradient":""},"mobile":{"background-color":"","background-image":"","background-repeat":"repeat","background-position":"center center","background-size":"auto","background-attachment":"scroll","background-type":"","background-media":"","overlay-type":"","overlay-color":"","overlay-opacity":"","overlay-gradient":""}},"ast-content-background-meta":{"desktop":{"background-color":"var(--ast-global-color-5)","background-image":"","background-repeat":"repeat","background-position":"center center","background-size":"auto","background-attachment":"scroll","background-type":"","background-media":"","overlay-type":"","overlay-color":"","overlay-opacity":"","overlay-gradient":""},"tablet":{"background-color":"var(--ast-global-color-5)","background-image":"","background-repeat":"repeat","background-position":"center center","background-size":"auto","background-attachment":"scroll","background-type":"","background-media":"","overlay-type":"","overlay-color":"","overlay-opacity":"","overlay-gradient":""},"mobile":{"background-color":"var(--ast-global-color-5)","background-image":"","background-repeat":"repeat","background-position":"center center","background-size":"auto","background-attachment":"scroll","background-type":"","background-media":"","overlay-type":"","overlay-color":"","overlay-opacity":"","overlay-gradient":""}},"footnotes":""},"class_list":["post-3553","page","type-page","status-publish","hentry"],"_links":{"self":[{"href":"https:\/\/totalexperienceconsulting.com\/en\/wp-json\/wp\/v2\/pages\/3553","targetHints":{"allow":["GET"]}}],"collection":[{"href":"https:\/\/totalexperienceconsulting.com\/en\/wp-json\/wp\/v2\/pages"}],"about":[{"href":"https:\/\/totalexperienceconsulting.com\/en\/wp-json\/wp\/v2\/types\/page"}],"author":[{"embeddable":true,"href":"https:\/\/totalexperienceconsulting.com\/en\/wp-json\/wp\/v2\/users\/1"}],"replies":[{"embeddable":true,"href":"https:\/\/totalexperienceconsulting.com\/en\/wp-json\/wp\/v2\/comments?post=3553"}],"version-history":[{"count":0,"href":"https:\/\/totalexperienceconsulting.com\/en\/wp-json\/wp\/v2\/pages\/3553\/revisions"}],"wp:attachment":[{"href":"https:\/\/totalexperienceconsulting.com\/en\/wp-json\/wp\/v2\/media?parent=3553"}],"curies":[{"name":"wp","href":"https:\/\/api.w.org\/{rel}","templated":true}]}}