{"id":3562,"date":"2025-08-12T15:40:34","date_gmt":"2025-08-12T13:40:34","guid":{"rendered":"https:\/\/totalexperienceconsulting.pl\/?page_id=3562"},"modified":"2026-02-26T22:01:08","modified_gmt":"2026-02-26T21:01:08","slug":"symulacja-project-management","status":"publish","type":"page","link":"https:\/\/totalexperienceconsulting.com\/en\/symulacja-project-management\/","title":{"rendered":"Symulacja Project Management"},"content":{"rendered":"<div data-elementor-type=\"wp-page\" data-elementor-id=\"3562\" class=\"elementor elementor-3562\">\n\t\t\t\t<div class=\"elementor-element elementor-element-9d64760 e-flex e-con-boxed e-con e-parent\" data-id=\"9d64760\" data-element_type=\"container\" data-settings=\"{&quot;background_background&quot;:&quot;slideshow&quot;,&quot;background_slideshow_gallery&quot;:[{&quot;id&quot;:3195,&quot;url&quot;:&quot;http:\\\/\\\/dev.totalexperienceconsulting.com\\\/wp-content\\\/uploads\\\/2025\\\/08\\\/CX-Masterlass-3.png&quot;}],&quot;background_slideshow_loop&quot;:&quot;yes&quot;,&quot;background_slideshow_slide_duration&quot;:5000,&quot;background_slideshow_slide_transition&quot;:&quot;fade&quot;,&quot;background_slideshow_transition_duration&quot;:500}\">\n\t\t\t\t\t<div class=\"e-con-inner\">\n\t\t\t\t<div class=\"elementor-element elementor-element-4987b08 elementor-invisible elementor-widget elementor-widget-heading\" data-id=\"4987b08\" data-element_type=\"widget\" data-settings=\"{&quot;_animation&quot;:&quot;fadeIn&quot;}\" data-widget_type=\"heading.default\">\n\t\t\t\t<div class=\"elementor-widget-container\">\n\t\t\t\t\t<h2 class=\"elementor-heading-title elementor-size-default\"><b style=\"font-size: 59.408px;text-align: center\"><span class=\"wysiwyg-font-size-48\" style=\"font-size: clamp(2.25rem, 2.005rem + 1.224vw, 3rem);line-height: 1\">Symulacja Project Management w Customer Experience<\/span><\/b><\/h2>\t\t\t\t<\/div>\n\t\t\t\t<\/div>\n\t\t\t\t<div class=\"elementor-element elementor-element-59f0451 elementor-invisible elementor-widget elementor-widget-text-editor\" data-id=\"59f0451\" data-element_type=\"widget\" data-settings=\"{&quot;_animation&quot;:&quot;fadeIn&quot;}\" data-widget_type=\"text-editor.default\">\n\t\t\t\t<div class=\"elementor-widget-container\">\n\t\t\t\t\t\t\t\t\t<h4 style=\"color: #ebcecc; font-family: Ubuntu; font-size: 22px;\">(advanced)<\/h4>\n<span style=\"color: #ebcecc; font-family: Ubuntu; font-size: 18px;\">Warsztat Szkoleniowy<\/span>\t\t\t\t\t\t\t\t<\/div>\n\t\t\t\t<\/div>\n\t\t\t\t\t<\/div>\n\t\t\t\t<\/div>\n\t\t<div class=\"elementor-element elementor-element-b2c7b3c e-grid e-con-boxed e-con e-parent\" data-id=\"b2c7b3c\" data-element_type=\"container\" data-settings=\"{&quot;background_background&quot;:&quot;classic&quot;}\">\n\t\t\t\t\t<div class=\"e-con-inner\">\n\t\t<div class=\"elementor-element elementor-element-aeae935 e-con-full e-flex e-con e-child\" data-id=\"aeae935\" data-element_type=\"container\">\n\t\t\t\t<div class=\"elementor-element elementor-element-4d02baa elementor-invisible elementor-widget elementor-widget-text-editor\" data-id=\"4d02baa\" data-element_type=\"widget\" data-settings=\"{&quot;_animation&quot;:&quot;fadeIn&quot;}\" data-widget_type=\"text-editor.default\">\n\t\t\t\t<div class=\"elementor-widget-container\">\n\t\t\t\t\t\t\t\t\t<p><b><span style=\"color: #4c4c4c; font-family: Ubuntu; font-size: 25px; line-height: 2;\">Co zyskasz?<\/span><\/b><\/p><ul style=\"color: #4c4c4c; font-family: Ubuntu; font-size: 17px; line-height: 2;\"><li>Wiedz\u0119 na temat zarz\u0105dzania projektami w Customer Experience<\/li><li>Praktyczne \u0107wiczenia do wykorzystania w swoich projektach<\/li><li>Materia\u0142y szkoleniowe<\/li><li>Certyfikat potwierdzaj\u0105cy udzia\u0142 w szkoleniu<\/li><\/ul>\t\t\t\t\t\t\t\t<\/div>\n\t\t\t\t<\/div>\n\t\t\t\t<div class=\"elementor-element elementor-element-5de30cf elementor-invisible elementor-widget elementor-widget-text-editor\" data-id=\"5de30cf\" data-element_type=\"widget\" data-settings=\"{&quot;_animation&quot;:&quot;fadeIn&quot;}\" data-widget_type=\"text-editor.default\">\n\t\t\t\t<div class=\"elementor-widget-container\">\n\t\t\t\t\t\t\t\t\t<b><span style=\"color: #4c4c4c; font-family: Ubuntu; font-size: 25px; line-height: 2\">Dla kogo?<\/span><\/b><br>\n\n<ul style=\"color: #4c4c4c; font-family: Ubuntu; font-size: 17px; line-height: 2;\">\n<li>Znasz si\u0119 ju\u017c na projektach<\/li><li>Masz ju\u017c za sob\u0105 kilka perypetii w inicjatywach CX i wiesz, \u017ce zmienno\u015b\u0107 jest wpisana w codzienno\u015b\u0107<\/li><li>Chcesz dowiedzie\u0107 si\u0119 wi\u0119cej na temat Project Managementu w CX<\/li><li>Chcesz przetestowa\u0107 swoj\u0105 wiedz\u0119 z praktykami CX warsztatuj\u0105c si\u0119 w ma\u0142ych grupach fokusowych<\/li><\/ul>\t\t\t\t\t\t\t\t<\/div>\n\t\t\t\t<\/div>\n\t\t\t\t<\/div>\n\t\t<div class=\"elementor-element elementor-element-63df74a e-con-full e-flex e-con e-child\" data-id=\"63df74a\" data-element_type=\"container\">\n\t\t<div class=\"elementor-element elementor-element-8ea9196 e-con-full e-flex elementor-invisible e-con e-child\" data-id=\"8ea9196\" data-element_type=\"container\" data-settings=\"{&quot;animation&quot;:&quot;fadeIn&quot;}\">\n\t\t\t\t<div class=\"elementor-element elementor-element-a4063c9 elementor-widget elementor-widget-image\" data-id=\"a4063c9\" data-element_type=\"widget\" data-widget_type=\"image.default\">\n\t\t\t\t<div class=\"elementor-widget-container\">\n\t\t\t\t\t\t\t\t\t\t\t\t\t\t\t<img decoding=\"async\" width=\"100\" height=\"100\" src=\"https:\/\/totalexperienceconsulting.com\/wp-content\/uploads\/2025\/08\/szkolenie.png\" class=\"attachment-thumbnail size-thumbnail wp-image-3225\" alt=\"szkolenie\" \/>\t\t\t\t\t\t\t\t\t\t\t\t\t\t\t<\/div>\n\t\t\t\t<\/div>\n\t\t\t\t<div class=\"elementor-element elementor-element-f0710db elementor-widget elementor-widget-text-editor\" data-id=\"f0710db\" data-element_type=\"widget\" data-widget_type=\"text-editor.default\">\n\t\t\t\t<div class=\"elementor-widget-container\">\n\t\t\t\t\t\t\t\t\t<b><span style=\"color: #4c4c4c; font-family: Ubuntu; font-size: 17px;\">Training Video on Demand<\/span><\/b>\t\t\t\t\t\t\t\t<\/div>\n\t\t\t\t<\/div>\n\t\t\t\t<div class=\"elementor-element elementor-element-789d285 elementor-widget elementor-widget-image\" data-id=\"789d285\" data-element_type=\"widget\" data-widget_type=\"image.default\">\n\t\t\t\t<div class=\"elementor-widget-container\">\n\t\t\t\t\t\t\t\t\t\t\t\t\t\t\t<img decoding=\"async\" width=\"80\" height=\"80\" src=\"https:\/\/totalexperienceconsulting.com\/wp-content\/uploads\/2025\/08\/picture3.png\" class=\"attachment-medium size-medium wp-image-3238\" alt=\"kalendarz\" \/>\t\t\t\t\t\t\t\t\t\t\t\t\t\t\t<\/div>\n\t\t\t\t<\/div>\n\t\t\t\t<div class=\"elementor-element elementor-element-60472bd elementor-widget elementor-widget-text-editor\" data-id=\"60472bd\" data-element_type=\"widget\" data-widget_type=\"text-editor.default\">\n\t\t\t\t<div class=\"elementor-widget-container\">\n\t\t\t\t\t\t\t\t\t<p><b><span style=\"color: #4c4c4c; font-family: Ubuntu; font-size: 17px;\">2026<\/span><\/b><\/p>\t\t\t\t\t\t\t\t<\/div>\n\t\t\t\t<\/div>\n\t\t\t\t<div class=\"elementor-element elementor-element-5e373d1 elementor-widget elementor-widget-button\" data-id=\"5e373d1\" data-element_type=\"widget\" data-widget_type=\"button.default\">\n\t\t\t\t<div class=\"elementor-widget-container\">\n\t\t\t\t\t\t\t\t\t<div class=\"elementor-button-wrapper\">\n\t\t\t\t\t<a class=\"elementor-button elementor-button-link elementor-size-sm\" href=\"#ZAPISY\">\n\t\t\t\t\t\t<span class=\"elementor-button-content-wrapper\">\n\t\t\t\t\t\t\t\t\t<span class=\"elementor-button-text\">Get Training Video<\/span>\n\t\t\t\t\t<\/span>\n\t\t\t\t\t<\/a>\n\t\t\t\t<\/div>\n\t\t\t\t\t\t\t\t<\/div>\n\t\t\t\t<\/div>\n\t\t\t\t<\/div>\n\t\t\t\t<\/div>\n\t\t\t\t\t<\/div>\n\t\t\t\t<\/div>\n\t\t<div class=\"elementor-element elementor-element-497aac0 e-flex e-con-boxed e-con e-parent\" data-id=\"497aac0\" data-element_type=\"container\">\n\t\t\t\t\t<div class=\"e-con-inner\">\n\t\t\t\t<div class=\"elementor-element elementor-element-4c07e11 elementor-widget elementor-widget-text-editor\" data-id=\"4c07e11\" data-element_type=\"widget\" data-widget_type=\"text-editor.default\">\n\t\t\t\t<div class=\"elementor-widget-container\">\n\t\t\t\t\t\t\t\t\t<h3 style=\"color: #ebcecc; font-family: Ubuntu;\">Podczas warsztatu zabieram uczestnik\u00f3w w wirtualn\u0105 podr\u00f3\u017c w g\u00f3ry, kt\u00f3re s\u0105 wymagaj\u0105ce, nieprzewidywalne, zmienne&#8230; kt\u00f3rych szczyt smakuje najlepiej<\/h3>\t\t\t\t\t\t\t\t<\/div>\n\t\t\t\t<\/div>\n\t\t<div class=\"elementor-element elementor-element-c1a89b8 e-grid e-con-full e-con e-child\" data-id=\"c1a89b8\" data-element_type=\"container\">\n\t\t\t\t<div class=\"elementor-element elementor-element-fd23fae elementor-widget elementor-widget-text-editor\" data-id=\"fd23fae\" data-element_type=\"widget\" data-widget_type=\"text-editor.default\">\n\t\t\t\t<div class=\"elementor-widget-container\">\n\t\t\t\t\t\t\t\t\t<h5 style=\"color: #ebcecc; font-family: Ubuntu; line-height: 1.8;\">PRZED WYPRAW\u0104 KR\u00d3TKO SI\u0118 PRZYGOTUJEMY\nUs\u0142yszysz i zobaczysz:<\/h5>\n<ul style=\"color: #ebcecc; font-family: Ubuntu; font-size: 18px; line-height: 1.6;\">\n \t<li>Project Brief, Matryc\u0119 zarz\u0105dzania ryzykiem i inne narz\u0119dzia<\/li>\n<\/ul>\n<h5 style=\"color: #ebcecc; font-family: Ubuntu; line-height: 1.8;\">W TRAKCIE PODR\u00d3\u017bY<br>W ma\u0142ych 3-osobowych podgrupach, do za\u0142o\u017conego kontekstu firmy\nopracujesz:<\/h5>\n\n<ul style=\"color: #ebcecc; font-family: Ubuntu; font-size: 18px; line-height: 1.6;\">\n \t<li>Project Brief dla Sponsora<\/li>\n<\/ul>\n<h5 style=\"color: #ebcecc; font-family: Ubuntu; line-height: 1.8;\">Przedstawimy go w du\u017cej grupie i jak to w biznesie bywa&#8230; wymienimy si\u0119,\ndostaniecie projekt \u201cpo kim\u015b\u201d i trzeba b\u0119dzie dzia\u0142a\u0107 dalej. Zmieni\u0105 si\u0119 te\u017c\nwarunki biznesowe.<\/h5>\n<ul style=\"color: #ebcecc; font-family: Ubuntu; font-size: 18px; line-height: 1.8;\">\n<li>Zaktualizujemy plan dzia\u0142ania i przygotujemy matryc\u0119 ryzyka<\/li>\n<li>Niekt\u00f3re za\u0142o\u017cenia ponownie si\u0119 zmieni\u0105, bo zmienia si\u0119 zarz\u0105d w\nfirmie.<\/li>\n<\/ul>\n<h5 style=\"color: #ebcecc; font-family: Ubuntu; line-height: 1.8;\">\nPrzedstawimy mi\u0119dzy grupami finalne wyniki prac i perypetii po drodze<\/h5>\t\t\t\t\t\t\t\t<\/div>\n\t\t\t\t<\/div>\n\t\t\t\t<div class=\"elementor-element elementor-element-04fcd67 elementor-widget elementor-widget-text-editor\" data-id=\"04fcd67\" data-element_type=\"widget\" data-widget_type=\"text-editor.default\">\n\t\t\t\t<div class=\"elementor-widget-container\">\n\t\t\t\t\t\t\t\t\t<h4 style=\"color: #ebcecc; font-family: Ubuntu; line-height: 1.8;\">PO PODR\u00d3\u017bY<br>Wsp\u00f3lnie z praktykami z bran\u017cy podsumujemy:<\/h4>\n<ul style=\"color: #ebcecc; font-family: Ubuntu; font-size: 18px; line-height: 1.6;\">\n<li>lekcje, kt\u00f3re p\u0142yn\u0105 z wyprawy<\/li>\n<li>na jak wiele sposob\u00f3w mo\u017cna t\u0119 wypraw\u0119 pokona\u0107 i jak przygotowa\u0107 si\u0119 na kolejne szczyty<\/li>\n<\/ul>\t\t\t\t\t\t\t\t<\/div>\n\t\t\t\t<\/div>\n\t\t\t\t<\/div>\n\t\t\t\t\t<\/div>\n\t\t\t\t<\/div>\n\t\t<div class=\"elementor-element elementor-element-a2a13f3 e-flex e-con-boxed e-con e-parent\" data-id=\"a2a13f3\" data-element_type=\"container\" data-settings=\"{&quot;background_background&quot;:&quot;classic&quot;}\">\n\t\t\t\t\t<div class=\"e-con-inner\">\n\t\t<div class=\"elementor-element elementor-element-81f570f e-con-full e-flex e-con e-child\" data-id=\"81f570f\" data-element_type=\"container\" data-settings=\"{&quot;background_background&quot;:&quot;classic&quot;}\">\n\t\t\t\t<div class=\"elementor-element elementor-element-bbf7a13 elementor-invisible elementor-widget elementor-widget-text-editor\" data-id=\"bbf7a13\" data-element_type=\"widget\" data-settings=\"{&quot;_animation&quot;:&quot;fadeIn&quot;}\" data-widget_type=\"text-editor.default\">\n\t\t\t\t<div class=\"elementor-widget-container\">\n\t\t\t\t\t\t\t\t\t<h3 style=\"color: #1c2541; font-family: Ubuntu;\">Trainings Reviews<\/h3>\t\t\t\t\t\t\t\t<\/div>\n\t\t\t\t<\/div>\n\t\t\t\t<\/div>\n\t\t<div class=\"elementor-element elementor-element-9949194 e-grid e-con-full elementor-invisible e-con e-child\" data-id=\"9949194\" data-element_type=\"container\" data-settings=\"{&quot;animation&quot;:&quot;fadeIn&quot;}\">\n\t\t\t\t<div class=\"elementor-element elementor-element-85a5a34 elementor-widget elementor-widget-text-editor\" data-id=\"85a5a34\" data-element_type=\"widget\" data-widget_type=\"text-editor.default\">\n\t\t\t\t<div class=\"elementor-widget-container\">\n\t\t\t\t\t\t\t\t\t<h4 style=\"color: #1c2541; font-family: Ubuntu;\">Efficient CX Project Management<\/h4><p><span style=\"color: #666666; font-family: Ubuntu; font-size: 18px;\">\u201cOgromny plus za zebranie wiedzy i przekazanie jej w skondensowany spos\u00f3b. Wszystko poparte du\u017cym do\u015bwiadczeniem. Fajna relacja z uczestnikami, kt\u00f3ra pozwoli\u0142a wymienia\u0107 si\u0119 do\u015bwiadczeniami. Szkolenie rozbudzi\u0142o g\u0142\u00f3d uczenia si\u0119.\u201d<\/span><\/p><p><span style=\"color: #666666; font-family: Ubuntu; font-size: 15px;\"><b><i>Anna Szadkowska, mLeasing<\/i><b><\/b><\/b><\/span><\/p>\t\t\t\t\t\t\t\t<\/div>\n\t\t\t\t<\/div>\n\t\t\t\t<div class=\"elementor-element elementor-element-0639c83 elementor-widget elementor-widget-text-editor\" data-id=\"0639c83\" data-element_type=\"widget\" data-widget_type=\"text-editor.default\">\n\t\t\t\t<div class=\"elementor-widget-container\">\n\t\t\t\t\t\t\t\t\t<h4 style=\"color: #1c2541; font-family: Ubuntu;\">Efficient CX Project Management<\/h4><p><span style=\"color: #666666; font-family: Ubuntu; font-size: 18px;\">\u201cDoceniam szczeg\u00f3lnie za praktyczne przyk\u0142ady, bardzo dobrze zaplanowane poszczeg\u00f3lne bloki tematyczne z uwzgl\u0119dnieniem czasu na pytania, dzielenie si\u0119 do\u015bwiadczeniami, przerwa w trakcie na przewietrzenie umys\u0142u. Super pomys\u0142 z ankietami maj\u0105cymi na celu zbadanie do\u015bwiadcze\u0144 uczestnik\u00f3w i b\u0119d\u0105cymi dobr\u0105 baz\u0105 do dyskusji. Bardzo profesjonalnie przygotowany materia\u0142, podzielony jasno na bloki tematyczne odpowiadaj\u0105ce poszczeg\u00f3lnym etapom w projekcie. No i oczywi\u015bcie sama prowadz\u0105ca &#8211; brawo Weronika za profesjonalizm i \u015bwietnie poprowadzony warsztat!\u201d<\/span><\/p><p><span style=\"color: #666666; font-family: Ubuntu; font-size: 15px;\"><b><i>Wiktoria Plutka, Credit Agricole B.P. SA<\/i><\/b><\/span><\/p>\t\t\t\t\t\t\t\t<\/div>\n\t\t\t\t<\/div>\n\t\t\t\t<\/div>\n\t\t<div class=\"elementor-element elementor-element-cf51889 e-con-full e-flex e-con e-child\" data-id=\"cf51889\" data-element_type=\"container\" data-settings=\"{&quot;background_background&quot;:&quot;classic&quot;}\">\n\t\t\t\t<div class=\"elementor-element elementor-element-0821418 elementor-align-center elementor-invisible elementor-widget elementor-widget-button\" data-id=\"0821418\" data-element_type=\"widget\" data-settings=\"{&quot;_animation&quot;:&quot;fadeIn&quot;}\" data-widget_type=\"button.default\">\n\t\t\t\t<div class=\"elementor-widget-container\">\n\t\t\t\t\t\t\t\t\t<div class=\"elementor-button-wrapper\">\n\t\t\t\t\t<a class=\"elementor-button elementor-button-link elementor-size-sm\" href=\"\/en\/opinie-o-szkoleniach\/\">\n\t\t\t\t\t\t<span class=\"elementor-button-content-wrapper\">\n\t\t\t\t\t\t\t\t\t<span class=\"elementor-button-text\">See all reviews..<\/span>\n\t\t\t\t\t<\/span>\n\t\t\t\t\t<\/a>\n\t\t\t\t<\/div>\n\t\t\t\t\t\t\t\t<\/div>\n\t\t\t\t<\/div>\n\t\t\t\t<\/div>\n\t\t\t\t\t<\/div>\n\t\t\t\t<\/div>\n\t\t<div class=\"elementor-element elementor-element-7f3027c e-flex e-con-boxed e-con e-parent\" data-id=\"7f3027c\" data-element_type=\"container\" data-settings=\"{&quot;background_background&quot;:&quot;classic&quot;}\">\n\t\t\t\t\t<div class=\"e-con-inner\">\n\t\t\t\t<div class=\"elementor-element elementor-element-c80eedb elementor-widget-divider--view-line elementor-invisible elementor-widget elementor-widget-divider\" data-id=\"c80eedb\" data-element_type=\"widget\" data-settings=\"{&quot;_animation&quot;:&quot;fadeIn&quot;}\" data-widget_type=\"divider.default\">\n\t\t\t\t<div class=\"elementor-widget-container\">\n\t\t\t\t\t\t\t<div class=\"elementor-divider\">\n\t\t\t<span class=\"elementor-divider-separator\">\n\t\t\t\t\t\t<\/span>\n\t\t<\/div>\n\t\t\t\t\t\t<\/div>\n\t\t\t\t<\/div>\n\t\t\t\t\t<\/div>\n\t\t\t\t<\/div>\n\t\t<div class=\"elementor-element elementor-element-8705795 e-flex e-con-boxed e-con e-parent\" data-id=\"8705795\" data-element_type=\"container\" data-settings=\"{&quot;background_background&quot;:&quot;classic&quot;}\">\n\t\t\t\t\t<div class=\"e-con-inner\">\n\t\t\t\t<div class=\"elementor-element elementor-element-ad72abc elementor-invisible elementor-widget elementor-widget-image\" data-id=\"ad72abc\" data-element_type=\"widget\" data-settings=\"{&quot;_animation&quot;:&quot;fadeIn&quot;}\" data-widget_type=\"image.default\">\n\t\t\t\t<div class=\"elementor-widget-container\">\n\t\t\t\t\t\t\t\t\t\t\t\t\t\t\t<img decoding=\"async\" width=\"64\" height=\"64\" src=\"https:\/\/totalexperienceconsulting.com\/wp-content\/uploads\/2025\/08\/picture62.png\" class=\"attachment-large size-large wp-image-3315\" alt=\"ZAPIS\" \/>\t\t\t\t\t\t\t\t\t\t\t\t\t\t\t<\/div>\n\t\t\t\t<\/div>\n\t\t\t\t\t<\/div>\n\t\t\t\t<\/div>\n\t\t<div class=\"elementor-element elementor-element-5f8e1dd e-flex e-con-boxed e-con e-parent\" data-id=\"5f8e1dd\" data-element_type=\"container\" data-settings=\"{&quot;background_background&quot;:&quot;classic&quot;}\">\n\t\t\t\t\t<div class=\"e-con-inner\">\n\t\t\t\t<div class=\"elementor-element elementor-element-94663d4 e-transform elementor-invisible elementor-widget elementor-widget-text-editor\" data-id=\"94663d4\" data-element_type=\"widget\" data-settings=\"{&quot;_animation&quot;:&quot;fadeIn&quot;,&quot;_transform_translateX_effect&quot;:{&quot;unit&quot;:&quot;px&quot;,&quot;size&quot;:&quot;&quot;,&quot;sizes&quot;:[]},&quot;_transform_translateX_effect_tablet&quot;:{&quot;unit&quot;:&quot;px&quot;,&quot;size&quot;:&quot;&quot;,&quot;sizes&quot;:[]},&quot;_transform_translateX_effect_mobile&quot;:{&quot;unit&quot;:&quot;px&quot;,&quot;size&quot;:&quot;&quot;,&quot;sizes&quot;:[]},&quot;_transform_translateY_effect&quot;:{&quot;unit&quot;:&quot;px&quot;,&quot;size&quot;:&quot;&quot;,&quot;sizes&quot;:[]},&quot;_transform_translateY_effect_tablet&quot;:{&quot;unit&quot;:&quot;px&quot;,&quot;size&quot;:&quot;&quot;,&quot;sizes&quot;:[]},&quot;_transform_translateY_effect_mobile&quot;:{&quot;unit&quot;:&quot;px&quot;,&quot;size&quot;:&quot;&quot;,&quot;sizes&quot;:[]}}\" data-widget_type=\"text-editor.default\">\n\t\t\t\t<div class=\"elementor-widget-container\">\n\t\t\t\t\t\t\t\t\t<a id=\"ZAPISY\">\n<h4 style=\"color: #1c2541; font-family: Ubuntu;\">Get Your training by filling out the form.<\/h4>\n<span style=\"color: #1c2541; font-family: Ubuntu;\">\nIf the registration form does not display correctly, contact me by e-mail: <a style=\"color: #1c2541; font-family: Ubuntu;\" href=\"mailto:weronika@totalexperience.pl\">weronika@totalexperience.pl<\/a>\n<br>\nIf the registration form does not display correctly, contact me by e-mail:\n<\/span><br>\n<img decoding=\"async\" src=\"http:\/\/dev.totalexperienceconsulting.com\/wp-content\/uploads\/2025\/08\/captcha_tumb.jpg\" \/>\n<p style=\"text-align: center;\"><iframe src=\"https:\/\/docs.google.com\/forms\/d\/e\/1FAIpQLSc35RcIj-2oAg9CgrDAvo7rxxYYKGEAYIcxpF4ONBK6kruU5Q\/viewform?embedded=true\" width=\"360\" height=\"1000\" frameborder=\"0\" marginwidth=\"0\" marginheight=\"0\">\u0141adowanie&#8230;<\/iframe><\/p>\t\t\t\t\t\t\t\t<\/div>\n\t\t\t\t<\/div>\n\t\t\t\t\t<\/div>\n\t\t\t\t<\/div>\n\t\t\t\t<\/div>","protected":false},"excerpt":{"rendered":"<p>Symulacja Project Management w Customer Experience (zaawansowany) Warsztat Szkoleniowy Co zyskasz? Wiedz\u0119 na temat zarz\u0105dzania projektami w Customer Experience Praktyczne \u0107wiczenia do wykorzystania w swoich projektach Materia\u0142y szkoleniowe Certyfikat potwierdzaj\u0105cy udzia\u0142 w szkoleniu Dla kogo? Znasz si\u0119 ju\u017c na projektach Masz ju\u017c za sob\u0105 kilka perypetii w inicjatywach CX i wiesz, \u017ce zmienno\u015b\u0107 jest wpisana [&hellip;]<\/p>","protected":false},"author":1,"featured_media":0,"parent":0,"menu_order":0,"comment_status":"closed","ping_status":"closed","template":"","meta":{"site-sidebar-layout":"no-sidebar","site-content-layout":"page-builder","ast-site-content-layout":"full-width-container","site-content-style":"default","site-sidebar-style":"default","ast-global-header-display":"","ast-banner-title-visibility":"","ast-main-header-display":"","ast-hfb-above-header-display":"","ast-hfb-below-header-display":"","ast-hfb-mobile-header-display":"","site-post-title":"disabled","ast-breadcrumbs-content":"","ast-featured-img":"disabled","footer-sml-layout":"","theme-transparent-header-meta":"","adv-header-id-meta":"","stick-header-meta":"","header-above-stick-meta":"","header-main-stick-meta":"","header-below-stick-meta":"","astra-migrate-meta-layouts":"set","ast-page-background-enabled":"default","ast-page-background-meta":{"desktop":{"background-color":"var(--ast-global-color-4)","background-image":"","background-repeat":"repeat","background-position":"center center","background-size":"auto","background-attachment":"scroll","background-type":"","background-media":"","overlay-type":"","overlay-color":"","overlay-opacity":"","overlay-gradient":""},"tablet":{"background-color":"","background-image":"","background-repeat":"repeat","background-position":"center center","background-size":"auto","background-attachment":"scroll","background-type":"","background-media":"","overlay-type":"","overlay-color":"","overlay-opacity":"","overlay-gradient":""},"mobile":{"background-color":"","background-image":"","background-repeat":"repeat","background-position":"center center","background-size":"auto","background-attachment":"scroll","background-type":"","background-media":"","overlay-type":"","overlay-color":"","overlay-opacity":"","overlay-gradient":""}},"ast-content-background-meta":{"desktop":{"background-color":"var(--ast-global-color-5)","background-image":"","background-repeat":"repeat","background-position":"center center","background-size":"auto","background-attachment":"scroll","background-type":"","background-media":"","overlay-type":"","overlay-color":"","overlay-opacity":"","overlay-gradient":""},"tablet":{"background-color":"var(--ast-global-color-5)","background-image":"","background-repeat":"repeat","background-position":"center center","background-size":"auto","background-attachment":"scroll","background-type":"","background-media":"","overlay-type":"","overlay-color":"","overlay-opacity":"","overlay-gradient":""},"mobile":{"background-color":"var(--ast-global-color-5)","background-image":"","background-repeat":"repeat","background-position":"center center","background-size":"auto","background-attachment":"scroll","background-type":"","background-media":"","overlay-type":"","overlay-color":"","overlay-opacity":"","overlay-gradient":""}},"footnotes":""},"class_list":["post-3562","page","type-page","status-publish","hentry"],"_links":{"self":[{"href":"https:\/\/totalexperienceconsulting.com\/en\/wp-json\/wp\/v2\/pages\/3562","targetHints":{"allow":["GET"]}}],"collection":[{"href":"https:\/\/totalexperienceconsulting.com\/en\/wp-json\/wp\/v2\/pages"}],"about":[{"href":"https:\/\/totalexperienceconsulting.com\/en\/wp-json\/wp\/v2\/types\/page"}],"author":[{"embeddable":true,"href":"https:\/\/totalexperienceconsulting.com\/en\/wp-json\/wp\/v2\/users\/1"}],"replies":[{"embeddable":true,"href":"https:\/\/totalexperienceconsulting.com\/en\/wp-json\/wp\/v2\/comments?post=3562"}],"version-history":[{"count":0,"href":"https:\/\/totalexperienceconsulting.com\/en\/wp-json\/wp\/v2\/pages\/3562\/revisions"}],"wp:attachment":[{"href":"https:\/\/totalexperienceconsulting.com\/en\/wp-json\/wp\/v2\/media?parent=3562"}],"curies":[{"name":"wp","href":"https:\/\/api.w.org\/{rel}","templated":true}]}}