{"id":48,"date":"2025-07-16T13:36:29","date_gmt":"2025-07-16T11:36:29","guid":{"rendered":"http:\/\/dev.totalexperienceconsulting.com\/?page_id=48"},"modified":"2025-08-13T16:47:09","modified_gmt":"2025-08-13T14:47:09","slug":"oferta","status":"publish","type":"page","link":"https:\/\/totalexperienceconsulting.com\/en\/oferta\/","title":{"rendered":"Offer"},"content":{"rendered":"<div data-elementor-type=\"wp-page\" data-elementor-id=\"48\" class=\"elementor elementor-48\">\n\t\t\t\t<div class=\"elementor-element elementor-element-2e9a196 e-flex e-con-boxed e-con e-parent\" data-id=\"2e9a196\" data-element_type=\"container\">\n\t\t\t\t\t<div class=\"e-con-inner\">\n\t\t\t\t<div class=\"elementor-element elementor-element-ecbce53 elementor-widget elementor-widget-text-editor\" data-id=\"ecbce53\" data-element_type=\"widget\" data-widget_type=\"text-editor.default\">\n\t\t\t\t<div class=\"elementor-widget-container\">\n\t\t\t\t\t\t\t\t\t<h1 style=\"margin-bottom: 20px; overflow-wrap: break-word; font-family: Ubuntu, sans-serif; font-size: 59.408px; font-weight: 400; line-height: 1.1; text-transform: none; color: #ebcecc; fill: #ebcecc; font-style: normal; white-space-collapse: collapse;\"><span class=\"wysiwyg-font-size-48\" style=\"font-size: clamp(2.25rem, 2.005rem + 1.224vw, 3rem); overflow-wrap: break-word; line-height: 1;\">Solution for various business challenges<\/span><\/h1>\n<ul>\n \t<li>Increasing customer loyalty<\/li>\n \t<li>Increasing conversion rates<\/li>\n \t<li>Ensuring service quality consistency<\/li>\n \t<li>Enhancing knowledge about customers, employees, or business partners<\/li>\n \t<li>Seeking process optimization<\/li>\n \t<li>Designing innovations, diversifying operations<\/li>\n \t<li>Building client-centric culture<\/li>\n \t<li>Delivering projects as Interim CX Project Lead<\/li>\n \t<li>Enabling potential of CX Leader to establish processes, motivate Team and stakeholders<\/li>\n<\/ul>\t\t\t\t\t\t\t\t<\/div>\n\t\t\t\t<\/div>\n\t\t\t\t\t<\/div>\n\t\t\t\t<\/div>\n\t\t<div class=\"elementor-element elementor-element-49bf93e e-flex e-con-boxed e-con e-parent\" data-id=\"49bf93e\" data-element_type=\"container\">\n\t\t\t\t\t<div class=\"e-con-inner\">\n\t\t\t\t<div class=\"elementor-element elementor-element-aaca513 elementor-widget-divider--view-line elementor-widget elementor-widget-divider\" data-id=\"aaca513\" data-element_type=\"widget\" data-widget_type=\"divider.default\">\n\t\t\t\t<div class=\"elementor-widget-container\">\n\t\t\t\t\t\t\t<div class=\"elementor-divider\">\n\t\t\t<span class=\"elementor-divider-separator\">\n\t\t\t\t\t\t<\/span>\n\t\t<\/div>\n\t\t\t\t\t\t<\/div>\n\t\t\t\t<\/div>\n\t\t\t\t\t<\/div>\n\t\t\t\t<\/div>\n\t\t<div class=\"elementor-element elementor-element-4b8db9c e-flex e-con-boxed e-con e-parent\" data-id=\"4b8db9c\" data-element_type=\"container\">\n\t\t\t\t\t<div class=\"e-con-inner\">\n\t\t\t\t<div class=\"elementor-element elementor-element-721fca8 elementor-widget elementor-widget-image\" data-id=\"721fca8\" data-element_type=\"widget\" data-widget_type=\"image.default\">\n\t\t\t\t<div class=\"elementor-widget-container\">\n\t\t\t\t\t\t\t\t\t\t\t\t\t\t\t<img fetchpriority=\"high\" decoding=\"async\" width=\"1024\" height=\"168\" src=\"https:\/\/totalexperienceconsulting.com\/wp-content\/uploads\/2025\/08\/OfertaPL-1024x168.png\" class=\"attachment-large size-large wp-image-2744\" alt=\"Oferta\" srcset=\"https:\/\/totalexperienceconsulting.com\/wp-content\/uploads\/2025\/08\/OfertaPL-1024x168.png 1024w, https:\/\/totalexperienceconsulting.com\/wp-content\/uploads\/2025\/08\/OfertaPL-300x49.png 300w, https:\/\/totalexperienceconsulting.com\/wp-content\/uploads\/2025\/08\/OfertaPL-768x126.png 768w, https:\/\/totalexperienceconsulting.com\/wp-content\/uploads\/2025\/08\/OfertaPL-1536x251.png 1536w, https:\/\/totalexperienceconsulting.com\/wp-content\/uploads\/2025\/08\/OfertaPL.png 1918w\" sizes=\"(max-width: 1024px) 100vw, 1024px\" \/>\t\t\t\t\t\t\t\t\t\t\t\t\t\t\t<\/div>\n\t\t\t\t<\/div>\n\t\t\t\t\t<\/div>\n\t\t\t\t<\/div>\n\t\t<div class=\"elementor-element elementor-element-77adfaa e-flex e-con-boxed e-con e-parent\" data-id=\"77adfaa\" data-element_type=\"container\">\n\t\t\t\t\t<div class=\"e-con-inner\">\n\t\t\t\t<div class=\"elementor-element elementor-element-30ebbc2 elementor-widget-divider--view-line elementor-widget elementor-widget-divider\" data-id=\"30ebbc2\" data-element_type=\"widget\" data-widget_type=\"divider.default\">\n\t\t\t\t<div class=\"elementor-widget-container\">\n\t\t\t\t\t\t\t<div class=\"elementor-divider\">\n\t\t\t<span class=\"elementor-divider-separator\">\n\t\t\t\t\t\t<\/span>\n\t\t<\/div>\n\t\t\t\t\t\t<\/div>\n\t\t\t\t<\/div>\n\t\t\t\t\t<\/div>\n\t\t\t\t<\/div>\n\t\t<div class=\"elementor-element elementor-element-f0b8f88 e-grid e-con-boxed e-con e-parent\" data-id=\"f0b8f88\" data-element_type=\"container\" data-settings=\"{&quot;background_background&quot;:&quot;classic&quot;}\">\n\t\t\t\t\t<div class=\"e-con-inner\">\n\t\t<div class=\"elementor-element elementor-element-33e33c6 e-con-full e-flex e-con e-child\" data-id=\"33e33c6\" data-element_type=\"container\">\n\t\t\t\t<div class=\"elementor-element elementor-element-6af3af1 elementor-widget elementor-widget-image\" data-id=\"6af3af1\" data-element_type=\"widget\" data-widget_type=\"image.default\">\n\t\t\t\t<div class=\"elementor-widget-container\">\n\t\t\t\t\t\t\t\t\t\t\t\t\t\t\t<img decoding=\"async\" width=\"100\" height=\"100\" src=\"https:\/\/totalexperienceconsulting.com\/wp-content\/uploads\/2025\/08\/icon1.png\" class=\"attachment-large size-large wp-image-2749\" alt=\"Du\u017ce Firmy\" \/>\t\t\t\t\t\t\t\t\t\t\t\t\t\t\t<\/div>\n\t\t\t\t<\/div>\n\t\t\t\t<div class=\"elementor-element elementor-element-f078f76 elementor-widget elementor-widget-text-editor\" data-id=\"f078f76\" data-element_type=\"widget\" data-widget_type=\"text-editor.default\">\n\t\t\t\t<div class=\"elementor-widget-container\">\n\t\t\t\t\t\t\t\t\t<h4 style=\"color: #1c2541; font-family: Ubuntu;\">Large Companies<\/h4>\n<ul style=\"color: #1c2541; font-family: Ubuntu;\">\n \t<li>Interim CX Project Lead<\/li>\n \t<li>CX Excellence Development Program - solution for Customer Experience Leaders<\/li>\n \t<li>Assistance in evaluating startup ideas based on customer journey workshops<\/li>\n \t<li>Designing innovations, defining future services<\/li>\n \t<li>Creating Customer Journeys<\/li>\n \t<li>Strategic, creative, innovative, and integrative business workshops<\/li>\n \t<li>Design thinking workshops<\/li>\n \t<li>Project kick-off and ongoing support<\/li>\n<\/ul>\t\t\t\t\t\t\t\t<\/div>\n\t\t\t\t<\/div>\n\t\t\t\t<\/div>\n\t\t<div class=\"elementor-element elementor-element-b6fd363 e-con-full e-flex e-con e-child\" data-id=\"b6fd363\" data-element_type=\"container\">\n\t\t\t\t<div class=\"elementor-element elementor-element-34f6f95 elementor-widget elementor-widget-image\" data-id=\"34f6f95\" data-element_type=\"widget\" data-widget_type=\"image.default\">\n\t\t\t\t<div class=\"elementor-widget-container\">\n\t\t\t\t\t\t\t\t\t\t\t\t\t\t\t<img decoding=\"async\" width=\"100\" height=\"100\" src=\"https:\/\/totalexperienceconsulting.com\/wp-content\/uploads\/2025\/08\/icon2.png\" class=\"attachment-large size-large wp-image-2750\" alt=\"M\u015aP\" \/>\t\t\t\t\t\t\t\t\t\t\t\t\t\t\t<\/div>\n\t\t\t\t<\/div>\n\t\t\t\t<div class=\"elementor-element elementor-element-fac4095 elementor-widget elementor-widget-text-editor\" data-id=\"fac4095\" data-element_type=\"widget\" data-widget_type=\"text-editor.default\">\n\t\t\t\t<div class=\"elementor-widget-container\">\n\t\t\t\t\t\t\t\t\t<h4 style=\"color: #1c2541; font-family: Ubuntu;\">SMEs<\/h4><ul style=\"color: #1c2541; font-family: Ubuntu;\"><li>Better understanding of the target group's needs, customer research<\/li><li>Increasing conversion rates through holistic analysis (customer journey tool)<\/li><li>Building customer loyalty<\/li><li>Development of service effectiveness metrics<\/li><li>Support in developing offer strategies<\/li><li>Seeking service optimization and new diversification opportunities<\/li><\/ul>\t\t\t\t\t\t\t\t<\/div>\n\t\t\t\t<\/div>\n\t\t\t\t<\/div>\n\t\t\t\t\t<\/div>\n\t\t\t\t<\/div>\n\t\t<div class=\"elementor-element elementor-element-c77eb9a e-grid e-con-boxed e-con e-parent\" data-id=\"c77eb9a\" data-element_type=\"container\" data-settings=\"{&quot;background_background&quot;:&quot;classic&quot;}\">\n\t\t\t\t\t<div class=\"e-con-inner\">\n\t\t<div class=\"elementor-element elementor-element-3f3c0ed e-con-full e-flex e-con e-child\" data-id=\"3f3c0ed\" data-element_type=\"container\">\n\t\t\t\t<div class=\"elementor-element elementor-element-a5c9e5b elementor-widget elementor-widget-image\" data-id=\"a5c9e5b\" data-element_type=\"widget\" data-widget_type=\"image.default\">\n\t\t\t\t<div class=\"elementor-widget-container\">\n\t\t\t\t\t\t\t\t\t\t\t\t\t\t\t<img loading=\"lazy\" decoding=\"async\" width=\"313\" height=\"157\" src=\"https:\/\/totalexperienceconsulting.com\/wp-content\/uploads\/2025\/08\/icon3.png\" class=\"attachment-large size-large wp-image-2751\" alt=\"Startupy\" srcset=\"https:\/\/totalexperienceconsulting.com\/wp-content\/uploads\/2025\/08\/icon3.png 313w, https:\/\/totalexperienceconsulting.com\/wp-content\/uploads\/2025\/08\/icon3-300x150.png 300w\" sizes=\"(max-width: 313px) 100vw, 313px\" \/>\t\t\t\t\t\t\t\t\t\t\t\t\t\t\t<\/div>\n\t\t\t\t<\/div>\n\t\t\t\t<div class=\"elementor-element elementor-element-c1f0131 elementor-widget elementor-widget-text-editor\" data-id=\"c1f0131\" data-element_type=\"widget\" data-widget_type=\"text-editor.default\">\n\t\t\t\t<div class=\"elementor-widget-container\">\n\t\t\t\t\t\t\t\t\t<h4 style=\"color: #1c2541; font-family: Ubuntu;\">Startups<\/h4>\n<ul style=\"color: #1c2541; font-family: Ubuntu;\">\n \t<li>Assistance in evaluating startup ideas based on customer journey workshops<\/li>\n \t<li>Designing innovations, defining future services<\/li>\n \t<li>Wsparcie w definiowaniu person (grupy docelowej) oraz stworzeniu propozycji warto\u015bci (value proposition)<\/li>\n \t<li>Project kick-off and ongoing support<\/li>\n \t<li>Pomoc w ocenie pomys\u0142\u00f3w na startupy w oparciu o warsztaty dotycz\u0105ce podr\u00f3\u017cy klienta<\/li>\n<\/ul>\n<h4 style=\"color: #1c2541; font-family: Ubuntu;\">Investment Funds<\/h4>\n<ul style=\"color: #1c2541; font-family: Ubuntu;\">\n \t<li>Review and improvement of service offer based on the analysis of the target group's needs, working on the customer journey<\/li>\n \t<li>Process improvement for business partners<\/li>\n \t\n<\/ul>\t\t\t\t\t\t\t\t<\/div>\n\t\t\t\t<\/div>\n\t\t\t\t<\/div>\n\t\t<div class=\"elementor-element elementor-element-081c336 e-con-full e-flex e-con e-child\" data-id=\"081c336\" data-element_type=\"container\">\n\t\t\t\t<div class=\"elementor-element elementor-element-ed1751a elementor-widget elementor-widget-image\" data-id=\"ed1751a\" data-element_type=\"widget\" data-widget_type=\"image.default\">\n\t\t\t\t<div class=\"elementor-widget-container\">\n\t\t\t\t\t\t\t\t\t\t\t\t\t\t\t<img loading=\"lazy\" decoding=\"async\" width=\"312\" height=\"157\" src=\"https:\/\/totalexperienceconsulting.com\/wp-content\/uploads\/2025\/08\/icon4.png\" class=\"attachment-large size-large wp-image-2752\" alt=\"Instytucje i NGO\" srcset=\"https:\/\/totalexperienceconsulting.com\/wp-content\/uploads\/2025\/08\/icon4.png 312w, https:\/\/totalexperienceconsulting.com\/wp-content\/uploads\/2025\/08\/icon4-300x151.png 300w\" sizes=\"(max-width: 312px) 100vw, 312px\" \/>\t\t\t\t\t\t\t\t\t\t\t\t\t\t\t<\/div>\n\t\t\t\t<\/div>\n\t\t\t\t<div class=\"elementor-element elementor-element-6ddf325 elementor-widget elementor-widget-text-editor\" data-id=\"6ddf325\" data-element_type=\"widget\" data-widget_type=\"text-editor.default\">\n\t\t\t\t<div class=\"elementor-widget-container\">\n\t\t\t\t\t\t\t\t\t<h4 style=\"color: #1c2541; font-family: Ubuntu;\">Public institutions &amp; NGOs<\/h4>\n<ul style=\"color: #1c2541; font-family: Ubuntu;\">\n<li>Smart city service design<\/li>\n<li>Finding solutions for current challenges of the city and its residents<\/li>\n<li>Creating pro-social initiatives<\/li>\n<li>Researching residents' needs<\/li>\n<li>Conducting workshops with officials and residents<\/li>\n<\/ul>\t\t\t\t\t\t\t\t<\/div>\n\t\t\t\t<\/div>\n\t\t\t\t<\/div>\n\t\t\t\t\t<\/div>\n\t\t\t\t<\/div>\n\t\t\t\t<\/div>","protected":false},"excerpt":{"rendered":"<p>Rozwi\u0105zania na r\u00f3\u017cne wyzwania biznesowe zwi\u0119kszenie lojalno\u015bci klient\u00f3w zwi\u0119kszenie konwersji zadbanie o sp\u00f3jno\u015b\u0107 jako\u015bci us\u0142ug uzupe\u0142nienie wiedzy o klientach, pracownikach lub partnerach biznesowych poszukiwanie optymalizacji proces\u00f3w projektowanie innowacji, dywersyfikacja dzia\u0142alno\u015bci budowanie kultury klientocentrycznej realizacja projekt\u00f3w jako Tymczasowy Project Manager (Interim CX Project Lead) rozw\u00f3j potencja\u0142u Lidera CX \/ EX do ustanowienia proces\u00f3w, motywowania zespo\u0142u oraz [&hellip;]<\/p>","protected":false},"author":1,"featured_media":0,"parent":0,"menu_order":0,"comment_status":"closed","ping_status":"closed","template":"","meta":{"site-sidebar-layout":"no-sidebar","site-content-layout":"page-builder","ast-site-content-layout":"full-width-container","site-content-style":"unboxed","site-sidebar-style":"unboxed","ast-global-header-display":"","ast-banner-title-visibility":"","ast-main-header-display":"","ast-hfb-above-header-display":"","ast-hfb-below-header-display":"","ast-hfb-mobile-header-display":"","site-post-title":"disabled","ast-breadcrumbs-content":"","ast-featured-img":"disabled","footer-sml-layout":"","theme-transparent-header-meta":"","adv-header-id-meta":"","stick-header-meta":"","header-above-stick-meta":"","header-main-stick-meta":"","header-below-stick-meta":"","astra-migrate-meta-layouts":"set","ast-page-background-enabled":"default","ast-page-background-meta":{"desktop":{"background-color":"var(--ast-global-color-4)","background-image":"","background-repeat":"repeat","background-position":"center center","background-size":"auto","background-attachment":"scroll","background-type":"","background-media":"","overlay-type":"","overlay-color":"","overlay-opacity":"","overlay-gradient":""},"tablet":{"background-color":"","background-image":"","background-repeat":"repeat","background-position":"center center","background-size":"auto","background-attachment":"scroll","background-type":"","background-media":"","overlay-type":"","overlay-color":"","overlay-opacity":"","overlay-gradient":""},"mobile":{"background-color":"","background-image":"","background-repeat":"repeat","background-position":"center center","background-size":"auto","background-attachment":"scroll","background-type":"","background-media":"","overlay-type":"","overlay-color":"","overlay-opacity":"","overlay-gradient":""}},"ast-content-background-meta":{"desktop":{"background-color":"var(--ast-global-color-5)","background-image":"","background-repeat":"repeat","background-position":"center center","background-size":"auto","background-attachment":"scroll","background-type":"","background-media":"","overlay-type":"","overlay-color":"","overlay-opacity":"","overlay-gradient":""},"tablet":{"background-color":"var(--ast-global-color-5)","background-image":"","background-repeat":"repeat","background-position":"center center","background-size":"auto","background-attachment":"scroll","background-type":"","background-media":"","overlay-type":"","overlay-color":"","overlay-opacity":"","overlay-gradient":""},"mobile":{"background-color":"var(--ast-global-color-5)","background-image":"","background-repeat":"repeat","background-position":"center center","background-size":"auto","background-attachment":"scroll","background-type":"","background-media":"","overlay-type":"","overlay-color":"","overlay-opacity":"","overlay-gradient":""}},"footnotes":""},"class_list":["post-48","page","type-page","status-publish","hentry"],"_links":{"self":[{"href":"https:\/\/totalexperienceconsulting.com\/en\/wp-json\/wp\/v2\/pages\/48","targetHints":{"allow":["GET"]}}],"collection":[{"href":"https:\/\/totalexperienceconsulting.com\/en\/wp-json\/wp\/v2\/pages"}],"about":[{"href":"https:\/\/totalexperienceconsulting.com\/en\/wp-json\/wp\/v2\/types\/page"}],"author":[{"embeddable":true,"href":"https:\/\/totalexperienceconsulting.com\/en\/wp-json\/wp\/v2\/users\/1"}],"replies":[{"embeddable":true,"href":"https:\/\/totalexperienceconsulting.com\/en\/wp-json\/wp\/v2\/comments?post=48"}],"version-history":[{"count":0,"href":"https:\/\/totalexperienceconsulting.com\/en\/wp-json\/wp\/v2\/pages\/48\/revisions"}],"wp:attachment":[{"href":"https:\/\/totalexperienceconsulting.com\/en\/wp-json\/wp\/v2\/media?parent=48"}],"curies":[{"name":"wp","href":"https:\/\/api.w.org\/{rel}","templated":true}]}}